{"id":644,"date":"2017-09-15T11:03:28","date_gmt":"2017-09-15T09:03:28","guid":{"rendered":"https:\/\/www.mpthitech.com\/?page_id=644"},"modified":"2025-10-22T15:06:19","modified_gmt":"2025-10-22T13:06:19","slug":"policy-privacy","status":"publish","type":"page","link":"https:\/\/www.mpthitech.com\/de\/policy-privacy\/","title":{"rendered":"POLICY PRIVACY"},"content":{"rendered":"<p>[vc_row rt_row_background_width=&#8220;default&#8220; rt_row_content_width=&#8220;default&#8220; rt_row_style=&#8220;default-style&#8220; rt_row_borders=&#8220;&#8220; rt_overlap=&#8220;&#8220; rt_grid=&#8220;&#8220; rt_row_paddings=&#8220;true&#8220; id=&#8220;&#8220; rt_bg_effect=&#8220;classic&#8220; rt_bg_parallax_effect=&#8220;1&#8243; rt_bg_image_repeat=&#8220;repeat&#8220; rt_bg_size=&#8220;cover&#8220; rt_bg_position=&#8220;right top&#8220; rt_bg_attachment=&#8220;scroll&#8220;][vc_column width=&#8220;1\/4&#8243; rt_color_set=&#8220;global-style&#8220; id=&#8220;&#8220; rt_bg_image_repeat=&#8220;repeat&#8220; rt_bg_size=&#8220;auto auto&#8220; rt_bg_attachment=&#8220;scroll&#8220;][vc_column_text]<\/p>\n<ul>\n<li><a href=\"https:\/\/www.mpthitech.com\/de\/datenschutzerklaerung\/\">Datenschutzerkl\u00e4rung<\/a><\/li>\n<li><a href=\"https:\/\/www.mpthitech.com\/de\/rechtliche-angaben\/\">Rechtliche Angaben<\/a><\/li>\n<li><a href=\"https:\/\/www.mpthitech.com\/de\/policy-privacy\/\">Policy Privacy<\/a><\/li>\n<li><a href=\"https:\/\/www.mpthitech.com\/de\/datenschutzerklaerung-fuer-kunden-und-lieferanten\/\">Kunden und Lieferanten<\/a><\/li>\n<li><a href=\"https:\/\/www.mpthitech.com\/de\/cookie\/\">Cookie<\/a><\/li>\n<\/ul>\n<p>[\/vc_column_text][\/vc_column][vc_column width=&#8220;3\/4&#8243;][vc_column_text]<\/p>\n<h2>POLICY PRIVACY<\/h2>\n<p><strong>INFORMATIONEN F\u00dcR NUTZER VON INTERNETDIENSTEN <\/strong><br \/>\n<strong>ZUM SCHUTZ PERSONENBEZOGENER DATEN <\/strong><br \/>\n<strong>GEM\u00c4SS ARTIKEL 13 DER EU-VERORDNUNG 2016\/679<\/strong><\/p>\n<p>Gem\u00e4\u00df Artikel 13 der EU-Verordnung 2016\/679 informiert der Verantwortliche, M.P.T. SRL Unipersonale, mit Sitz in Altavilla Vicentina (VI), Via Retrone Nr. 2\/c, die Nutzer der Website www.mpthitech.com hiermit \u00fcber die Zwecke und Methoden der Verarbeitung der erhobenen personenbezogenen Daten, den Umfang ihrer \u00dcbermittlung und Verbreitung sowie die Art ihrer Bereitstellung.<br \/>\nVERARBEITETE DATEN<br \/>\nNavigationsdaten:<br \/>\nDie f\u00fcr den Betrieb dieser Website verwendeten Computersysteme und Softwareverfahren erfassen im Rahmen ihres normalen Betriebs einige personenbezogene Daten, deren \u00dcbermittlung mit der Nutzung von Internet-Kommunikationsprotokollen verbunden ist.<br \/>\nDiese Informationen werden nicht erhoben, um sie identifizierten betroffenen Personen zuzuordnen, k\u00f6nnten aber naturgem\u00e4\u00df durch Verarbeitung und Verkn\u00fcpfung mit Daten Dritter eine Identifizierung der Nutzer erm\u00f6glichen.<br \/>\nZu dieser Datenkategorie geh\u00f6ren die IP-Adressen oder Dom\u00e4nennamen der von den Nutzern verwendeten Computer, die URI-Adressen (Uniform Resource Identifier) \u200b\u200bder angeforderten Ressourcen, der Zeitpunkt der Anfrage, die Methode zur \u00dcbermittlung der Anfrage an den Server, die Gr\u00f6\u00dfe der Antwortdatei, der numerische Code, der den Status der Serverantwort angibt (erfolgreich, Fehler usw.) sowie weitere Parameter zum Betriebssystem und der IT-Umgebung des Nutzers.<br \/>\nDie so erhobenen Daten k\u00f6nnten zur Feststellung der Haftung im Falle von Cyberkriminalit\u00e4t gegen die Website verwendet werden.<br \/>\nDirekt vom Nutzer bereitgestellte Daten<br \/>\nDie optionale, ausdr\u00fcckliche und freiwillige \u00dcbermittlung von Daten, die in verschiedenen Bereichen dieser Website angefordert werden, dient der Bearbeitung von Nutzeranfragen (z. B., aber nicht beschr\u00e4nkt auf: Anfragen nach Informationen oder Klarstellungen durch Anrufen der auf der Website angegebenen Nummern oder Schreiben an die angegebenen E-Mail-Adressen).<br \/>\nSpezifische zusammenfassende Informationen werden auf den Seiten der Website f\u00fcr On-Demand-Dienste bereitgestellt oder angezeigt, um die interessierte Partei auf die Verarbeitung ihrer personenbezogenen Daten aufmerksam zu machen.<br \/>\nART DER DATENBEREITSTELLUNG<br \/>\nMit Ausnahme der Navigationsdaten, die f\u00fcr die Implementierung von IT- und elektronischen Protokollen erforderlich sind, ist die Bereitstellung personenbezogener Daten durch die Nutzer freiwillig und optional. Die Nichtbereitstellung dieser Daten f\u00fchrt jedoch dazu, dass eingereichte oder beabsichtigte Anfragen nicht bearbeitet werden k\u00f6nnen.<br \/>\nVERARBEITUNGSMETHODEN<br \/>\nDie Datenverarbeitung erfolgt auf Papier und elektronischen Medien. Die Daten werden in Papier- und elektronischen Archiven unter Einhaltung der gesetzlich vorgeschriebenen Mindestsicherheitsma\u00dfnahmen gespeichert.<br \/>\nCOOKIES<br \/>\nDie Website erfasst keine personenbezogenen Nutzerdaten.<br \/>\nCookies werden nicht zur \u00dcbermittlung personenbezogener Daten verwendet, ebenso wenig wie sogenannte persistente Cookies jeglicher Art oder Nutzerverfolgungssysteme.<br \/>\nDie Verwendung sogenannter Session-Cookies (die nicht dauerhaft auf dem Computer des Nutzers gespeichert werden und beim Schlie\u00dfen des Browsers verschwinden) ist streng auf die \u00dcbertragung von Sitzungskennungen (bestehend aus vom Server generierten Zufallszahlen) beschr\u00e4nkt, die f\u00fcr ein sicheres und effizientes Surfen auf der Website erforderlich sind.<br \/>\nDie auf dieser Website verwendeten Sitzungscookies verhindern den Einsatz anderer IT-Techniken, die die Privatsph\u00e4re der Nutzer beim Surfen beeintr\u00e4chtigen k\u00f6nnten, und erm\u00f6glichen nicht die Erfassung personenbezogener Daten zur Identifizierung des Nutzers.<br \/>\nKOMMUNIKATION UND VERBREITUNG<br \/>\nDie erhobenen Daten werden ohne die ausdr\u00fcckliche Zustimmung der betroffenen Person nicht an Dritte weitergegeben, verkauft oder ausgetauscht. Ausgenommen hiervon ist die Weitergabe an autorisierte Dritte \u2013 die zur Vertraulichkeit verpflichtet sind oder gegebenenfalls gem\u00e4\u00df Artikel 28 der EU-Verordnung 2016\/679 als Auftragsverarbeiter benannt wurden \u2013 (z. B. IT-Supportunternehmen), sofern dies zur Erbringung der angeforderten Dienstleistung erforderlich ist. Die Daten k\u00f6nnen gem\u00e4\u00df den gesetzlichen Bestimmungen auch an die zust\u00e4ndigen Beh\u00f6rden weitergegeben werden.<br \/>\nRECHTE DER BETROFFENEN PERSON<br \/>\nDie betroffene Person kann ihre Rechte gem\u00e4\u00df Artikel 15 ff. der EU-Verordnung 2016\/679 aus\u00fcben, indem sie sich per E-Mail an den Verantwortlichen unter der folgenden Adresse wendet: <a href=\"mailto:info@mpthitech.com\">info@mpthitech.com<\/a>. Insbesondere hat die betroffene Person folgende Rechte:<br \/>\n1) Recht auf Auskunft \u00fcber die personenbezogenen Daten und auf folgende Informationen:<br \/>\na) die Zwecke der Verarbeitung;<br \/>\nb) die Kategorien der verarbeiteten personenbezogenen Daten;<br \/>\nc) die Empf\u00e4nger oder Kategorien von Empf\u00e4ngern, gegen\u00fcber denen die personenbezogenen Daten offengelegt worden sind oder noch offengelegt werden, insbesondere ob sich Empf\u00e4nger in Drittl\u00e4ndern oder bei internationalen Organisationen befinden;<br \/>\nd) soweit m\u00f6glich die geplante Dauer, f\u00fcr die die personenbezogenen Daten gespeichert werden, oder, falls dies nicht m\u00f6glich ist, die Kriterien f\u00fcr die Festlegung dieser Dauer;<br \/>\ne) das Bestehen eines Rechts auf Berichtigung oder L\u00f6schung der personenbezogenen Daten oder auf Einschr\u00e4nkung der Verarbeitung der betroffenen Person durch den Verantwortlichen oder eines Widerspruchsrechts gegen diese Verarbeitung;<br \/>\nf) das Recht, bei einer Aufsichtsbeh\u00f6rde (der italienischen Datenschutzbeh\u00f6rde) Beschwerde einzulegen;<br \/>\ng) wenn die personenbezogenen Daten nicht bei der betroffenen Person erhoben werden, alle verf\u00fcgbaren Informationen \u00fcber deren Herkunft;<br \/>\nh) das Bestehen einer automatisierten Entscheidungsfindung einschlie\u00dflich Profiling gem\u00e4\u00df Artikel 22 Abs\u00e4tze 1 und 4 und, zumindest in diesen F\u00e4llen, aussagekr\u00e4ftige Informationen \u00fcber die involvierte Logik sowie die Tragweite und die angestrebten Auswirkungen einer derartigen Verarbeitung f\u00fcr die betroffene Person.<br \/>\n2) Recht auf Berichtigung und L\u00f6schung (\u201eRecht auf Vergessenwerden\u201c);<br \/>\n3) Recht auf Einschr\u00e4nkung der Verarbeitung: Wenn die Richtigkeit der personenbezogenen Daten von der betroffenen Person bestritten wird, und zwar f\u00fcr eine Dauer, die es dem Verantwortlichen erm\u00f6glicht, die Richtigkeit der personenbezogenen Daten zu \u00fcberpr\u00fcfen; wenn die Verarbeitung unrechtm\u00e4\u00dfig ist und die betroffene Person die L\u00f6schung der personenbezogenen Daten ablehnt und stattdessen die Einschr\u00e4nkung ihrer Nutzung verlangt; wenn der Verantwortliche die personenbezogenen Daten f\u00fcr die Zwecke der Verarbeitung nicht l\u00e4nger ben\u00f6tigt, die betroffene Person sie jedoch zur Geltendmachung, Aus\u00fcbung oder Verteidigung von Rechtsanspr\u00fcchen ben\u00f6tigt; oder wenn die betroffene Person Widerspruch gegen die Verarbeitung eingelegt hat, solange noch nicht feststeht, ob die berechtigten Gr\u00fcnde des Verantwortlichen gegen\u00fcber denen der betroffenen Person \u00fcberwiegen.<br \/>\n4) Recht auf Daten\u00fcbertragbarkeit;<br \/>\n5) Widerspruchsrecht: Die betroffene Person hat das Recht, aus Gr\u00fcnden, die sich aus ihrer besonderen Situation ergeben, jederzeit gegen die Verarbeitung sie betreffender personenbezogener Daten Widerspruch einzulegen; dies gilt auch f\u00fcr ein auf diese Bestimmungen gest\u00fctztes Profiling.<br \/>\nVERANTWORTLICHER<br \/>\nVerantwortlicher ist die M.P.T. SRL Unipersonale mit Sitz in (36077) Altavilla Vicentina (VI), Via Retrone n. 2\/c.[\/vc_column_text][\/vc_column][\/vc_row]<\/p>\n","protected":false},"excerpt":{"rendered":"<p>[vc_row rt_row_background_width=&#8220;default&#8220; rt_row_content_width=&#8220;default&#8220; rt_row_style=&#8220;default-style&#8220; rt_row_borders=&#8220;&#8220; rt_overlap=&#8220;&#8220; rt_grid=&#8220;&#8220; rt_row_paddings=&#8220;true&#8220; id=&#8220;&#8220; rt_bg_effect=&#8220;classic&#8220; rt_bg_parallax_effect=&#8220;1&#8243; rt_bg_image_repeat=&#8220;repeat&#8220; rt_bg_size=&#8220;cover&#8220; rt_bg_position=&#8220;right top&#8220; rt_bg_attachment=&#8220;scroll&#8220;][vc_column width=&#8220;1\/4&#8243; rt_color_set=&#8220;global-style&#8220; id=&#8220;&#8220; rt_bg_image_repeat=&#8220;repeat&#8220; rt_bg_size=&#8220;auto auto&#8220; rt_bg_attachment=&#8220;scroll&#8220;][vc_column_text] Datenschutzerkl\u00e4rung Rechtliche Angaben<span class=\"excerpt-hellip\"> [\u2026]<\/span><\/p>\n","protected":false},"author":2,"featured_media":0,"parent":0,"menu_order":0,"comment_status":"open","ping_status":"open","template":"","meta":[],"yoast_head":"<!-- This site is optimized with the Yoast SEO plugin v20.4 - https:\/\/yoast.com\/wordpress\/plugins\/seo\/ -->\n<title>POLICY PRIVACY<\/title>\n<meta name=\"robots\" content=\"index, follow, max-snippet:-1, max-image-preview:large, max-video-preview:-1\" \/>\n<link rel=\"canonical\" href=\"https:\/\/www.mpthitech.com\/de\/policy-privacy\/\" \/>\n<meta property=\"og:locale\" content=\"de_DE\" \/>\n<meta property=\"og:type\" content=\"article\" \/>\n<meta property=\"og:title\" content=\"POLICY PRIVACY\" \/>\n<meta property=\"og:description\" content=\"[vc_row rt_row_background_width=&#8220;default&#8220; rt_row_content_width=&#8220;default&#8220; rt_row_style=&#8220;default-style&#8220; rt_row_borders=&#8220;&#8220; rt_overlap=&#8220;&#8220; rt_grid=&#8220;&#8220; rt_row_paddings=&#8220;true&#8220; id=&#8220;&#8220; rt_bg_effect=&#8220;classic&#8220; rt_bg_parallax_effect=&#8220;1&#8243; rt_bg_image_repeat=&#8220;repeat&#8220; rt_bg_size=&#8220;cover&#8220; rt_bg_position=&#8220;right top&#8220; rt_bg_attachment=&#8220;scroll&#8220;][vc_column width=&#8220;1\/4&#8243; rt_color_set=&#8220;global-style&#8220; id=&#8220;&#8220; rt_bg_image_repeat=&#8220;repeat&#8220; rt_bg_size=&#8220;auto auto&#8220; rt_bg_attachment=&#8220;scroll&#8220;][vc_column_text] Datenschutzerkl\u00e4rung Rechtliche Angaben [\u2026]\" \/>\n<meta property=\"og:url\" content=\"https:\/\/www.mpthitech.com\/de\/policy-privacy\/\" \/>\n<meta property=\"og:site_name\" content=\"MPT S.r.l. - Precision Turning\" \/>\n<meta property=\"article:modified_time\" content=\"2025-10-22T13:06:19+00:00\" \/>\n<meta name=\"twitter:card\" content=\"summary_large_image\" \/>\n<meta name=\"twitter:label1\" content=\"Gesch\u00e4tzte Lesezeit\" \/>\n\t<meta name=\"twitter:data1\" content=\"6 Minuten\" \/>\n<script type=\"application\/ld+json\" class=\"yoast-schema-graph\">{\"@context\":\"https:\/\/schema.org\",\"@graph\":[{\"@type\":\"WebPage\",\"@id\":\"https:\/\/www.mpthitech.com\/de\/policy-privacy\/\",\"url\":\"https:\/\/www.mpthitech.com\/de\/policy-privacy\/\",\"name\":\"POLICY PRIVACY\",\"isPartOf\":{\"@id\":\"https:\/\/www.mpthitech.com\/#website\"},\"datePublished\":\"2017-09-15T09:03:28+00:00\",\"dateModified\":\"2025-10-22T13:06:19+00:00\",\"breadcrumb\":{\"@id\":\"https:\/\/www.mpthitech.com\/de\/policy-privacy\/#breadcrumb\"},\"inLanguage\":\"de-DE\",\"potentialAction\":[{\"@type\":\"ReadAction\",\"target\":[\"https:\/\/www.mpthitech.com\/de\/policy-privacy\/\"]}]},{\"@type\":\"BreadcrumbList\",\"@id\":\"https:\/\/www.mpthitech.com\/de\/policy-privacy\/#breadcrumb\",\"itemListElement\":[{\"@type\":\"ListItem\",\"position\":1,\"name\":\"Home\",\"item\":\"https:\/\/www.mpthitech.com\/de\/\"},{\"@type\":\"ListItem\",\"position\":2,\"name\":\"POLICY PRIVACY\"}]},{\"@type\":\"WebSite\",\"@id\":\"https:\/\/www.mpthitech.com\/#website\",\"url\":\"https:\/\/www.mpthitech.com\/\",\"name\":\"MPT S.r.l. - Precision Turning\",\"description\":\"\",\"potentialAction\":[{\"@type\":\"SearchAction\",\"target\":{\"@type\":\"EntryPoint\",\"urlTemplate\":\"https:\/\/www.mpthitech.com\/?s={search_term_string}\"},\"query-input\":\"required name=search_term_string\"}],\"inLanguage\":\"de-DE\"}]}<\/script>\n<!-- \/ Yoast SEO plugin. -->","yoast_head_json":{"title":"POLICY PRIVACY","robots":{"index":"index","follow":"follow","max-snippet":"max-snippet:-1","max-image-preview":"max-image-preview:large","max-video-preview":"max-video-preview:-1"},"canonical":"https:\/\/www.mpthitech.com\/de\/policy-privacy\/","og_locale":"de_DE","og_type":"article","og_title":"POLICY PRIVACY","og_description":"[vc_row rt_row_background_width=&#8220;default&#8220; rt_row_content_width=&#8220;default&#8220; rt_row_style=&#8220;default-style&#8220; rt_row_borders=&#8220;&#8220; rt_overlap=&#8220;&#8220; rt_grid=&#8220;&#8220; rt_row_paddings=&#8220;true&#8220; id=&#8220;&#8220; rt_bg_effect=&#8220;classic&#8220; rt_bg_parallax_effect=&#8220;1&#8243; rt_bg_image_repeat=&#8220;repeat&#8220; rt_bg_size=&#8220;cover&#8220; rt_bg_position=&#8220;right top&#8220; rt_bg_attachment=&#8220;scroll&#8220;][vc_column width=&#8220;1\/4&#8243; rt_color_set=&#8220;global-style&#8220; id=&#8220;&#8220; rt_bg_image_repeat=&#8220;repeat&#8220; rt_bg_size=&#8220;auto auto&#8220; rt_bg_attachment=&#8220;scroll&#8220;][vc_column_text] Datenschutzerkl\u00e4rung Rechtliche Angaben [\u2026]","og_url":"https:\/\/www.mpthitech.com\/de\/policy-privacy\/","og_site_name":"MPT S.r.l. - Precision Turning","article_modified_time":"2025-10-22T13:06:19+00:00","twitter_card":"summary_large_image","twitter_misc":{"Gesch\u00e4tzte Lesezeit":"6 Minuten"},"schema":{"@context":"https:\/\/schema.org","@graph":[{"@type":"WebPage","@id":"https:\/\/www.mpthitech.com\/de\/policy-privacy\/","url":"https:\/\/www.mpthitech.com\/de\/policy-privacy\/","name":"POLICY PRIVACY","isPartOf":{"@id":"https:\/\/www.mpthitech.com\/#website"},"datePublished":"2017-09-15T09:03:28+00:00","dateModified":"2025-10-22T13:06:19+00:00","breadcrumb":{"@id":"https:\/\/www.mpthitech.com\/de\/policy-privacy\/#breadcrumb"},"inLanguage":"de-DE","potentialAction":[{"@type":"ReadAction","target":["https:\/\/www.mpthitech.com\/de\/policy-privacy\/"]}]},{"@type":"BreadcrumbList","@id":"https:\/\/www.mpthitech.com\/de\/policy-privacy\/#breadcrumb","itemListElement":[{"@type":"ListItem","position":1,"name":"Home","item":"https:\/\/www.mpthitech.com\/de\/"},{"@type":"ListItem","position":2,"name":"POLICY PRIVACY"}]},{"@type":"WebSite","@id":"https:\/\/www.mpthitech.com\/#website","url":"https:\/\/www.mpthitech.com\/","name":"MPT S.r.l. - Precision Turning","description":"","potentialAction":[{"@type":"SearchAction","target":{"@type":"EntryPoint","urlTemplate":"https:\/\/www.mpthitech.com\/?s={search_term_string}"},"query-input":"required name=search_term_string"}],"inLanguage":"de-DE"}]}},"_links":{"self":[{"href":"https:\/\/www.mpthitech.com\/de\/wp-json\/wp\/v2\/pages\/644"}],"collection":[{"href":"https:\/\/www.mpthitech.com\/de\/wp-json\/wp\/v2\/pages"}],"about":[{"href":"https:\/\/www.mpthitech.com\/de\/wp-json\/wp\/v2\/types\/page"}],"author":[{"embeddable":true,"href":"https:\/\/www.mpthitech.com\/de\/wp-json\/wp\/v2\/users\/2"}],"replies":[{"embeddable":true,"href":"https:\/\/www.mpthitech.com\/de\/wp-json\/wp\/v2\/comments?post=644"}],"version-history":[{"count":3,"href":"https:\/\/www.mpthitech.com\/de\/wp-json\/wp\/v2\/pages\/644\/revisions"}],"predecessor-version":[{"id":1694,"href":"https:\/\/www.mpthitech.com\/de\/wp-json\/wp\/v2\/pages\/644\/revisions\/1694"}],"wp:attachment":[{"href":"https:\/\/www.mpthitech.com\/de\/wp-json\/wp\/v2\/media?parent=644"}],"curies":[{"name":"wp","href":"https:\/\/api.w.org\/{rel}","templated":true}]}}