{"id":621,"date":"2017-09-15T10:25:17","date_gmt":"2017-09-15T08:25:17","guid":{"rendered":"https:\/\/www.mpthitech.com\/?page_id=621"},"modified":"2025-10-23T09:17:32","modified_gmt":"2025-10-23T07:17:32","slug":"rechtliche-angaben","status":"publish","type":"page","link":"https:\/\/www.mpthitech.com\/de\/rechtliche-angaben\/","title":{"rendered":"RECHTLICHE ANGABEN"},"content":{"rendered":"<p>[vc_row rt_row_background_width=&#8220;default&#8220; rt_row_content_width=&#8220;default&#8220; rt_row_style=&#8220;default-style&#8220; rt_row_borders=&#8220;&#8220; rt_overlap=&#8220;&#8220; rt_grid=&#8220;&#8220; rt_row_paddings=&#8220;true&#8220; id=&#8220;&#8220; rt_bg_effect=&#8220;classic&#8220; rt_bg_parallax_effect=&#8220;1&#8243; rt_bg_image_repeat=&#8220;repeat&#8220; rt_bg_size=&#8220;cover&#8220; rt_bg_position=&#8220;right top&#8220; rt_bg_attachment=&#8220;scroll&#8220;][vc_column width=&#8220;1\/4&#8243; rt_color_set=&#8220;global-style&#8220; id=&#8220;&#8220; rt_bg_image_repeat=&#8220;repeat&#8220; rt_bg_size=&#8220;auto auto&#8220; rt_bg_attachment=&#8220;scroll&#8220;][vc_column_text]<\/p>\n<ul>\n<li><a href=\"https:\/\/www.mpthitech.com\/de\/datenschutzerklaerung\/\">Datenschutzerkl\u00e4rung<\/a><\/li>\n<li><a href=\"https:\/\/www.mpthitech.com\/de\/rechtliche-angaben\/\">Rechtliche Angaben<\/a><\/li>\n<li><a href=\"https:\/\/www.mpthitech.com\/de\/policy-privacy\/\">Policy Privacy<\/a><\/li>\n<li><a href=\"https:\/\/www.mpthitech.com\/de\/datenschutzerklaerung-fuer-kunden-und-lieferanten\/\">Kunden und Lieferanten<\/a><\/li>\n<li><a href=\"https:\/\/www.mpthitech.com\/de\/cookie\/\">Cookie<\/a><\/li>\n<\/ul>\n<p>[\/vc_column_text][\/vc_column][vc_column width=&#8220;3\/4&#8243;][vc_column_text]<\/p>\n<h2>RECHTLICHE ANGABEN<\/h2>\n<p><strong>Copyright<\/strong><br \/>\nDie ganze vorhandene Inhalte des Website www.mpthitech.com, von denen M.P.T. SRL Unipersonale, mit Hauptsitz in (36077) Altavilla Vicentina (VI), Via Retrone n. 2\/C Inhaber ist, k\u00f6nnen nur mit Genehmigung des Urhebers und nur zu Informations- oder Personalzwecken verwendet werden; es ist ausdr\u00fccklich untersagt, beliebige kommerzielle Nutzung oder \u00dcbermittlung auf andere Computer vorzunehmen; es ist gleichfalls verboten, \u00c4nderungen am Inhalt derselben Website vorzunehmen.<br \/>\nJede andere Art von Nutzung ist verboten. Den Rechtsbrechern werden die betreffende zivilrechtliche und strafrechtliche Sanktionen angewendet werden.<br \/>\nAu\u03b2erdem ist auch die Reproduktion der graphischen Gestaltung der Website, dessen Inhaber die Firma ist, oder jeder anderer Website, entwickelt, lizenziert, von der Gesellschaft kontrolliert oder Eigentums derselben Firma, seitens potenzieller Wettbewerbern untersagt. Kein Logo, Grafik- und Tonelement oder Bild von der Website darf kopiert oder reproduziert werden, ohne die ausdr\u00fcckliche Genehmigung des Unternehmens.<br \/>\nDie bildende Inhalte dieser Website sind durch Handelsabkommen gesch\u00fctzt und ihre Verwendung entspricht den Gesetzen \u00fcber Marken, unlauteres Wettbewerb und andere Gesetze und d\u00fcrfen nicht kopiert oder imitiert werden.<\/p>\n<p><strong>Befreiung der Verantwortung<\/strong><br \/>\nM.P.T. SRL ist f\u00fcr die Informationen, die in die Web-Seiten enthalten sind, nicht verantwortlich; weder f\u00fcr die der Eigentumswebsite und f\u00fcr die von eventueller Entwicklung und in der relativen Graphik, noch f\u00fcr die eventuelle Verletzung der Rechten anderer oder f\u00fcr die Besch\u00e4digungen, einschlie\u03b2lich die indirekte, die sich aus diese ergeben, oder f\u00fcr andere beliebige Sch\u00e4den, auch die, die sich aus dem Verlust des Nutzungsrechts, Verlust von Informationen oder ausgebliebenem Profit oder herkommend vom Vertragsbruch, von Nachl\u00e4ssigkeit oder von anderen sch\u00e4dlichen T\u00e4tigkeiten, die sich aus oder im Zusammenhang mit der Nutzung oder der verf\u00fcgbaren Informationen auf dieser Website, ergeben.<br \/>\nDie Gesellschaft \u00fcbernimmt keine Haftung f\u00fcr technische Ungenauigkeiten oder Tippfehler; alle Informationen unterliegen regelm\u00e4\u00dfigen \u00c4nderungen.<br \/>\nDie Gesellschaft kann jederzeit Verbesserungen oder \u00c4nderungen an, in dieser Website beschriebenen, Produkten und Programmen vornehmen.<\/p>\n<p><strong>Handelsmarken<\/strong><br \/>\nDie Produkte- und Gesellschaftsnamen, genannt im Website www.mpthitech.com, sind m\u00f6glicherweise Warenzeichen ihrer jeweiligen Eigent\u00fcmer, es ist also eine nicht genehmigte Nutzung derselben ausdr\u00fccklich untersagt.<br \/>\nAlle Rechte sind reserviert, sofern nicht ausdr\u00fccklich angewiesen.<br \/>\nF\u00fcr eventuelle Fragen oder Probleme, senden Sie eine E-Mail an der Adresse info@mpthitech.com[\/vc_column_text][\/vc_column][\/vc_row]<\/p>\n","protected":false},"excerpt":{"rendered":"<p>[vc_row rt_row_background_width=&#8220;default&#8220; rt_row_content_width=&#8220;default&#8220; rt_row_style=&#8220;default-style&#8220; rt_row_borders=&#8220;&#8220; rt_overlap=&#8220;&#8220; rt_grid=&#8220;&#8220; rt_row_paddings=&#8220;true&#8220; id=&#8220;&#8220; rt_bg_effect=&#8220;classic&#8220; rt_bg_parallax_effect=&#8220;1&#8243; rt_bg_image_repeat=&#8220;repeat&#8220; rt_bg_size=&#8220;cover&#8220; rt_bg_position=&#8220;right top&#8220; rt_bg_attachment=&#8220;scroll&#8220;][vc_column width=&#8220;1\/4&#8243; rt_color_set=&#8220;global-style&#8220; id=&#8220;&#8220; rt_bg_image_repeat=&#8220;repeat&#8220; rt_bg_size=&#8220;auto auto&#8220; rt_bg_attachment=&#8220;scroll&#8220;][vc_column_text] Datenschutzerkl\u00e4rung Rechtliche Angaben<span class=\"excerpt-hellip\"> [\u2026]<\/span><\/p>\n","protected":false},"author":2,"featured_media":0,"parent":0,"menu_order":0,"comment_status":"open","ping_status":"open","template":"","meta":[],"yoast_head":"<!-- This site is optimized with the Yoast SEO plugin v20.4 - https:\/\/yoast.com\/wordpress\/plugins\/seo\/ -->\n<title>RECHTLICHE ANGABEN<\/title>\n<meta name=\"robots\" content=\"index, follow, max-snippet:-1, max-image-preview:large, max-video-preview:-1\" \/>\n<link rel=\"canonical\" href=\"https:\/\/www.mpthitech.com\/de\/rechtliche-angaben\/\" \/>\n<meta property=\"og:locale\" content=\"de_DE\" \/>\n<meta property=\"og:type\" content=\"article\" \/>\n<meta property=\"og:title\" content=\"RECHTLICHE ANGABEN\" \/>\n<meta property=\"og:description\" content=\"[vc_row rt_row_background_width=&#8220;default&#8220; rt_row_content_width=&#8220;default&#8220; rt_row_style=&#8220;default-style&#8220; rt_row_borders=&#8220;&#8220; rt_overlap=&#8220;&#8220; rt_grid=&#8220;&#8220; rt_row_paddings=&#8220;true&#8220; id=&#8220;&#8220; rt_bg_effect=&#8220;classic&#8220; rt_bg_parallax_effect=&#8220;1&#8243; rt_bg_image_repeat=&#8220;repeat&#8220; rt_bg_size=&#8220;cover&#8220; rt_bg_position=&#8220;right top&#8220; rt_bg_attachment=&#8220;scroll&#8220;][vc_column width=&#8220;1\/4&#8243; rt_color_set=&#8220;global-style&#8220; id=&#8220;&#8220; rt_bg_image_repeat=&#8220;repeat&#8220; rt_bg_size=&#8220;auto auto&#8220; rt_bg_attachment=&#8220;scroll&#8220;][vc_column_text] Datenschutzerkl\u00e4rung Rechtliche Angaben [\u2026]\" \/>\n<meta property=\"og:url\" content=\"https:\/\/www.mpthitech.com\/de\/rechtliche-angaben\/\" \/>\n<meta property=\"og:site_name\" content=\"MPT S.r.l. - Precision Turning\" \/>\n<meta property=\"article:modified_time\" content=\"2025-10-23T07:17:32+00:00\" \/>\n<meta name=\"twitter:card\" content=\"summary_large_image\" \/>\n<meta name=\"twitter:label1\" content=\"Gesch\u00e4tzte Lesezeit\" \/>\n\t<meta name=\"twitter:data1\" content=\"3 Minuten\" \/>\n<script type=\"application\/ld+json\" class=\"yoast-schema-graph\">{\"@context\":\"https:\/\/schema.org\",\"@graph\":[{\"@type\":\"WebPage\",\"@id\":\"https:\/\/www.mpthitech.com\/de\/rechtliche-angaben\/\",\"url\":\"https:\/\/www.mpthitech.com\/de\/rechtliche-angaben\/\",\"name\":\"RECHTLICHE ANGABEN\",\"isPartOf\":{\"@id\":\"https:\/\/www.mpthitech.com\/#website\"},\"datePublished\":\"2017-09-15T08:25:17+00:00\",\"dateModified\":\"2025-10-23T07:17:32+00:00\",\"breadcrumb\":{\"@id\":\"https:\/\/www.mpthitech.com\/de\/rechtliche-angaben\/#breadcrumb\"},\"inLanguage\":\"de-DE\",\"potentialAction\":[{\"@type\":\"ReadAction\",\"target\":[\"https:\/\/www.mpthitech.com\/de\/rechtliche-angaben\/\"]}]},{\"@type\":\"BreadcrumbList\",\"@id\":\"https:\/\/www.mpthitech.com\/de\/rechtliche-angaben\/#breadcrumb\",\"itemListElement\":[{\"@type\":\"ListItem\",\"position\":1,\"name\":\"Home\",\"item\":\"https:\/\/www.mpthitech.com\/de\/\"},{\"@type\":\"ListItem\",\"position\":2,\"name\":\"RECHTLICHE ANGABEN\"}]},{\"@type\":\"WebSite\",\"@id\":\"https:\/\/www.mpthitech.com\/#website\",\"url\":\"https:\/\/www.mpthitech.com\/\",\"name\":\"MPT S.r.l. - Precision Turning\",\"description\":\"\",\"potentialAction\":[{\"@type\":\"SearchAction\",\"target\":{\"@type\":\"EntryPoint\",\"urlTemplate\":\"https:\/\/www.mpthitech.com\/?s={search_term_string}\"},\"query-input\":\"required name=search_term_string\"}],\"inLanguage\":\"de-DE\"}]}<\/script>\n<!-- \/ Yoast SEO plugin. -->","yoast_head_json":{"title":"RECHTLICHE ANGABEN","robots":{"index":"index","follow":"follow","max-snippet":"max-snippet:-1","max-image-preview":"max-image-preview:large","max-video-preview":"max-video-preview:-1"},"canonical":"https:\/\/www.mpthitech.com\/de\/rechtliche-angaben\/","og_locale":"de_DE","og_type":"article","og_title":"RECHTLICHE ANGABEN","og_description":"[vc_row rt_row_background_width=&#8220;default&#8220; rt_row_content_width=&#8220;default&#8220; rt_row_style=&#8220;default-style&#8220; rt_row_borders=&#8220;&#8220; rt_overlap=&#8220;&#8220; rt_grid=&#8220;&#8220; rt_row_paddings=&#8220;true&#8220; id=&#8220;&#8220; rt_bg_effect=&#8220;classic&#8220; rt_bg_parallax_effect=&#8220;1&#8243; rt_bg_image_repeat=&#8220;repeat&#8220; rt_bg_size=&#8220;cover&#8220; rt_bg_position=&#8220;right top&#8220; rt_bg_attachment=&#8220;scroll&#8220;][vc_column width=&#8220;1\/4&#8243; rt_color_set=&#8220;global-style&#8220; id=&#8220;&#8220; rt_bg_image_repeat=&#8220;repeat&#8220; rt_bg_size=&#8220;auto auto&#8220; rt_bg_attachment=&#8220;scroll&#8220;][vc_column_text] Datenschutzerkl\u00e4rung Rechtliche Angaben [\u2026]","og_url":"https:\/\/www.mpthitech.com\/de\/rechtliche-angaben\/","og_site_name":"MPT S.r.l. - Precision Turning","article_modified_time":"2025-10-23T07:17:32+00:00","twitter_card":"summary_large_image","twitter_misc":{"Gesch\u00e4tzte Lesezeit":"3 Minuten"},"schema":{"@context":"https:\/\/schema.org","@graph":[{"@type":"WebPage","@id":"https:\/\/www.mpthitech.com\/de\/rechtliche-angaben\/","url":"https:\/\/www.mpthitech.com\/de\/rechtliche-angaben\/","name":"RECHTLICHE ANGABEN","isPartOf":{"@id":"https:\/\/www.mpthitech.com\/#website"},"datePublished":"2017-09-15T08:25:17+00:00","dateModified":"2025-10-23T07:17:32+00:00","breadcrumb":{"@id":"https:\/\/www.mpthitech.com\/de\/rechtliche-angaben\/#breadcrumb"},"inLanguage":"de-DE","potentialAction":[{"@type":"ReadAction","target":["https:\/\/www.mpthitech.com\/de\/rechtliche-angaben\/"]}]},{"@type":"BreadcrumbList","@id":"https:\/\/www.mpthitech.com\/de\/rechtliche-angaben\/#breadcrumb","itemListElement":[{"@type":"ListItem","position":1,"name":"Home","item":"https:\/\/www.mpthitech.com\/de\/"},{"@type":"ListItem","position":2,"name":"RECHTLICHE ANGABEN"}]},{"@type":"WebSite","@id":"https:\/\/www.mpthitech.com\/#website","url":"https:\/\/www.mpthitech.com\/","name":"MPT S.r.l. - Precision Turning","description":"","potentialAction":[{"@type":"SearchAction","target":{"@type":"EntryPoint","urlTemplate":"https:\/\/www.mpthitech.com\/?s={search_term_string}"},"query-input":"required name=search_term_string"}],"inLanguage":"de-DE"}]}},"_links":{"self":[{"href":"https:\/\/www.mpthitech.com\/de\/wp-json\/wp\/v2\/pages\/621"}],"collection":[{"href":"https:\/\/www.mpthitech.com\/de\/wp-json\/wp\/v2\/pages"}],"about":[{"href":"https:\/\/www.mpthitech.com\/de\/wp-json\/wp\/v2\/types\/page"}],"author":[{"embeddable":true,"href":"https:\/\/www.mpthitech.com\/de\/wp-json\/wp\/v2\/users\/2"}],"replies":[{"embeddable":true,"href":"https:\/\/www.mpthitech.com\/de\/wp-json\/wp\/v2\/comments?post=621"}],"version-history":[{"count":3,"href":"https:\/\/www.mpthitech.com\/de\/wp-json\/wp\/v2\/pages\/621\/revisions"}],"predecessor-version":[{"id":1697,"href":"https:\/\/www.mpthitech.com\/de\/wp-json\/wp\/v2\/pages\/621\/revisions\/1697"}],"wp:attachment":[{"href":"https:\/\/www.mpthitech.com\/de\/wp-json\/wp\/v2\/media?parent=621"}],"curies":[{"name":"wp","href":"https:\/\/api.w.org\/{rel}","templated":true}]}}