{"id":616,"date":"2015-07-06T11:20:49","date_gmt":"2015-07-06T09:20:49","guid":{"rendered":"https:\/\/www.mpthitech.com\/?page_id=616"},"modified":"2018-08-27T11:31:36","modified_gmt":"2018-08-27T09:31:36","slug":"technologie","status":"publish","type":"page","link":"https:\/\/www.mpthitech.com\/de\/technologie\/","title":{"rendered":"TECHNOLOGIE"},"content":{"rendered":"<p>[vc_row rt_row_background_width=&#8220;default&#8220; rt_row_style=&#8220;default-style&#8220; rt_row_borders=&#8220;bottom&#8220; rt_row_paddings=&#8220;true&#8220; id=&#8220;tecnologia&#8220; rt_bg_effect=&#8220;classic&#8220; rt_bg_image_repeat=&#8220;repeat&#8220; rt_bg_size=&#8220;cover&#8220; rt_bg_position=&#8220;right top&#8220; rt_bg_attachment=&#8220;scroll&#8220; rt_bg_video_format=&#8220;self-hosted&#8220;][vc_column rt_wrp_col_paddings=&#8220;false&#8220; rt_border_top=&#8220;&#8220; rt_border_bottom=&#8220;&#8220; rt_border_left=&#8220;&#8220; rt_border_right=&#8220;&#8220; rt_border_top_mobile=&#8220;&#8220; rt_border_bottom_mobile=&#8220;&#8220; rt_border_left_mobile=&#8220;&#8220; rt_border_right_mobile=&#8220;&#8220; rt_bg_image_repeat=&#8220;repeat&#8220; rt_bg_size=&#8220;auto auto&#8220; rt_bg_position=&#8220;right top&#8220; rt_bg_attachment=&#8220;scroll&#8220;][vc_column_text]<\/p>\n<h1>Pr\u00e4zisionsanfertigung durch innovative Technologien<\/h1>\n<p><strong>UNSERE MASCHINEN UND ANLAGEN \u2013 Pr\u00e4zisionsdrehteile aus Messing, CNC-Bearbeitung<\/strong><\/p>\n<p>Bei unseren Messingdrehteilen erzielen wir h\u00f6chste Qualit\u00e4t durch die Kombination von Technologie, hervorragend ausgebildeten Facharbeitern und sorgf\u00e4ltigen Kontrollen in verschiedenen Phasen des Produktionsprozesses, vom Materialeingang bis zur Endkontrolle \u2013 <em>St\u00fcck f\u00fcr St\u00fcck<\/em>.<\/p>\n<p><strong>Lieferanten<\/strong> sind ein unerl\u00e4sslicher Teil dieses Verfahrens: Wir haben sie \u00fcber lange Zeit ausgew\u00e4hlt und stehen in st\u00e4ndigem Dialog mit ihnen, um uns gemeinsam immer weiter zu verbessern. Diese Faktoren erm\u00f6glichen es uns, Ihnen zuverl\u00e4ssig das fertige Produkt zu liefern, das Sie von uns erwarten.[\/vc_column_text][\/vc_column][\/vc_row][vc_row][vc_column][vc_column_text el_class=&#8220;titoli_tecnologia&#8220;]<\/p>\n<h2>Drehautomaten f\u00fcr pr\u00e4zisionsdrehteile<\/h2>\n<p>[\/vc_column_text][vc_column_text]<div class='white' style='background:rgb(255, 255, 255); border:solid 0px rgb(255, 255, 255); border-radius:0px; padding:0px 0px 0px 0px;'>\n<div id='slider_1287' class='owl-carousel sa_owl_theme autohide-arrows' data-slider-id='slider_1287' style='visibility:hidden;'>\n<div id='slider_1287_slide01' class='sa_hover_container' style='padding:5% 5%; margin:0px 0%; '><div style=\"text-align: center; padding-bottom: 10px;\">\r\n<div><a href=\"https:\/\/www.mpthitech.com\/wp-content\/uploads\/2015\/07\/Tornos-640x640.jpg\" rel=\"lightbox[gallery_macchine]\"> <img src=\"https:\/\/www.mpthitech.com\/wp-content\/uploads\/2015\/07\/Tornos-640x640.jpg\" alt=\"Logo 1\" \/> <\/a><\/div>\r\n<p>Nr. 2 Automatische Mehrspindel-Drehmaschine Tornos SAS16<\/p>\r\n<\/div><\/div>\n<div id='slider_1287_slide02' class='sa_hover_container' style='padding:5% 5%; margin:0px 0%; '><div style=\"text-align: center; padding-bottom: 10px;\">\r\n<div><a href=\"https:\/\/www.mpthitech.com\/wp-content\/uploads\/2015\/07\/Gildermeister-640x640.jpg\" rel=\"lightbox[gallery_macchine]\"> <img src=\"https:\/\/www.mpthitech.com\/wp-content\/uploads\/2015\/07\/Gildermeister-640x640.jpg\" alt=\"Logo 1\" \/> <\/a><\/div>\r\n<div class=\"col col-sm-4 col-xs-12 \">\r\n<div class=\"caption\">\r\n<p>Nr. 2 Automatische Mehrspindel-Drehmaschine Gildermeister GM20V25<\/p>\r\n<\/div>\r\n<\/div>\r\n<div class=\"col col-sm-4 col-xs-12 \">\u00a0<\/div>\r\n<\/div><\/div>\n<div id='slider_1287_slide03' class='sa_hover_container' style='padding:5% 5%; margin:0px 0%; '><div style=\"text-align: center; padding-bottom: 10px;\">\r\n<div><a href=\"https:\/\/www.mpthitech.com\/wp-content\/uploads\/2015\/07\/Tornos-Sigma-20-640x640.jpg\" rel=\"lightbox[gallery_macchine]\"><img class=\"alignnone\" src=\"https:\/\/www.mpthitech.com\/wp-content\/uploads\/2015\/07\/Tornos-Sigma-20-640x640.jpg\" alt=\"Nr. 1 CNC-Drehmaschine Tornos Deco Sigma 20\" width=\"640\" height=\"640\" \/><\/a><\/div>\r\n<div class=\"row fixed_heights\">\r\n<div class=\"col col-sm-4 col-xs-12 \">\r\n<div class=\"caption\">\r\n<p>Nr. 1 CNC-Drehmaschine Tornos Deco Sigma 20<\/p>\r\n<\/div>\r\n<\/div>\r\n<\/div>\r\n<\/div><\/div>\n<div id='slider_1287_slide04' class='sa_hover_container' style='padding:5% 5%; margin:0px 0%; '><div style=\"text-align: center; padding-bottom: 10px;\">\r\n<div><a href=\"https:\/\/www.mpthitech.com\/wp-content\/uploads\/2015\/07\/Schuette-305-Linear-640x640.jpg\" rel=\"lightbox[gallery_macchine]\"> <img src=\"https:\/\/www.mpthitech.com\/wp-content\/uploads\/2015\/07\/Schuette-305-Linear-640x640.jpg\" alt=\"Logo 1\" \/> <\/a><\/div>\r\n<div class=\"col col-sm-4 col-xs-12 \">\r\n<div class=\"caption\">\r\n<p>Nr. 1 Profilwalzmaschine Sch\u00fctte 305 LINEAR f\u00fcr die Herstellung interner Werkzeuge<\/p>\r\n<\/div>\r\n<\/div>\r\n<\/div><\/div>\n<div id='slider_1287_slide05' class='sa_hover_container' style='padding:5% 5%; margin:0px 0%; '><div style=\"text-align: center; padding-bottom: 10px;\">\r\n<div><a href=\"https:\/\/www.mpthitech.com\/wp-content\/uploads\/2015\/07\/Profilatrice-640x640.jpg\" rel=\"lightbox[gallery_macchine]\"> <img src=\"https:\/\/www.mpthitech.com\/wp-content\/uploads\/2015\/07\/Profilatrice-640x640.jpg\" alt=\"Logo 1\" \/> <\/a><\/div>\r\n<p>Nr. 2 Mechanische Profilwalzmaschine<\/p>\r\n<\/div><\/div>\n<div id='slider_1287_slide06' class='sa_hover_container' style='padding:5% 5%; margin:0px 0%; background-color:rgb(255, 255, 255); '><div style=\"text-align: center; padding-bottom: 10px;\">\r\n<div><a href=\"https:\/\/www.mpthitech.com\/wp-content\/uploads\/2018\/02\/Schuette-SG18-1.jpg\" rel=\"lightbox[gallery_macchine]\"> <img src=\"https:\/\/www.mpthitech.com\/wp-content\/uploads\/2018\/02\/Schuette-SG18-1.jpg\" alt=\"Logo 1\" \/> <\/a><\/div>\r\n<p>Nr. 1 Tornos Plurimandrino Automatische mechanische Drehmaschine Sch\u00fctte SG18<\/p>\r\n<\/div><\/div>\n<\/div>\n<\/div>\n<script type='text\/javascript'>\n\tjQuery(document).ready(function() {\n\t\tjQuery('#slider_1287').owlCarousel({\n\t\t\tresponsive:{\n\t\t\t\t0:{ items:1 },\n\t\t\t\t480:{ items:2 },\n\t\t\t\t768:{ items:3 },\n\t\t\t\t980:{ items:4 },\n\t\t\t\t1200:{ items:4 },\n\t\t\t\t1500:{ items:4 }\n\t\t\t},\n\t\t\tautoplay : true,\n\t\t\tautoplayTimeout : 4000,\n\t\t\tautoplayHoverPause : true,\n\t\t\tsmartSpeed : 300,\n\t\t\tfluidSpeed : 300,\n\t\t\tautoplaySpeed : 300,\n\t\t\tnavSpeed : 300,\n\t\t\tdotsSpeed : 300,\n\t\t\tloop : true,\n\t\t\tnav : true,\n\t\t\tnavText : ['Previous','Next'],\n\t\t\tdots : false,\n\t\t\tresponsiveRefreshRate : 200,\n\t\t\tslideBy : 1,\n\t\t\tmergeFit : true,\n\t\t\tautoHeight : false,\n\t\t\tmouseDrag : true,\n\t\t\ttouchDrag : true\n\t\t});\n\t\tjQuery('#slider_1287').css('visibility', 'visible');\n\t\tsa_resize_slider_1287();\n\t\twindow.addEventListener('resize', sa_resize_slider_1287);\n\t\tfunction sa_resize_slider_1287() {\n\t\t\tvar min_height = '50';\n\t\t\tvar win_width = jQuery(window).width();\n\t\t\tvar slider_width = jQuery('#slider_1287').width();\n\t\t\tif (win_width < 480) {\n\t\t\t\tvar slide_width = slider_width \/ 1;\n\t\t\t} else if (win_width < 768) {\n\t\t\t\tvar slide_width = slider_width \/ 2;\n\t\t\t} else if (win_width < 980) {\n\t\t\t\tvar slide_width = slider_width \/ 3;\n\t\t\t} else if (win_width < 1200) {\n\t\t\t\tvar slide_width = slider_width \/ 4;\n\t\t\t} else if (win_width < 1500) {\n\t\t\t\tvar slide_width = slider_width \/ 4;\n\t\t\t} else {\n\t\t\t\tvar slide_width = slider_width \/ 4;\n\t\t\t}\n\t\t\tslide_width = Math.round(slide_width);\n\t\t\tvar slide_height = '0';\n\t\t\tif (min_height == 'aspect43') {\n\t\t\t\tslide_height = (slide_width \/ 4) * 3;\t\t\t\tslide_height = Math.round(slide_height);\n\t\t\t} else if (min_height == 'aspect169') {\n\t\t\t\tslide_height = (slide_width \/ 16) * 9;\t\t\t\tslide_height = Math.round(slide_height);\n\t\t\t} else {\n\t\t\t\tslide_height = (slide_width \/ 100) * min_height;\t\t\t\tslide_height = Math.round(slide_height);\n\t\t\t}\n\t\t\tjQuery('#slider_1287 .owl-item .sa_hover_container').css('min-height', slide_height+'px');\n\t\t}\n\t\tvar owl_goto = jQuery('#slider_1287');\n\t\tjQuery('.slider_1287_goto1').click(function(event){\n\t\t\towl_goto.trigger('to.owl.carousel', 0);\n\t\t});\n\t\tjQuery('.slider_1287_goto2').click(function(event){\n\t\t\towl_goto.trigger('to.owl.carousel', 1);\n\t\t});\n\t\tjQuery('.slider_1287_goto3').click(function(event){\n\t\t\towl_goto.trigger('to.owl.carousel', 2);\n\t\t});\n\t\tjQuery('.slider_1287_goto4').click(function(event){\n\t\t\towl_goto.trigger('to.owl.carousel', 3);\n\t\t});\n\t\tjQuery('.slider_1287_goto5').click(function(event){\n\t\t\towl_goto.trigger('to.owl.carousel', 4);\n\t\t});\n\t\tjQuery('.slider_1287_goto6').click(function(event){\n\t\t\towl_goto.trigger('to.owl.carousel', 5);\n\t\t});\n\t\tvar resize_1287 = jQuery('.owl-carousel');\n\t\tresize_1287.on('initialized.owl.carousel', function(e) {\n\t\t\tif (typeof(Event) === 'function') {\n\t\t\t\twindow.dispatchEvent(new Event('resize'));\n\t\t\t} else {\n\t\t\t\tvar evt = window.document.createEvent('UIEvents');\n\t\t\t\tevt.initUIEvent('resize', true, false, window, 0);\n\t\t\t\twindow.dispatchEvent(evt);\n\t\t\t}\n\t\t});\n\t});\n<\/script>\n[\/vc_column_text][\/vc_column][\/vc_row][vc_row][vc_column][vc_column_text el_class=&#8220;titoli_tecnologia&#8220;]<\/p>\n<h2>Unsere Anlagen<\/h2>\n<p>[\/vc_column_text][vc_column_text]<div class='white' style='background:rgb(255, 255, 255); border:solid 0px rgb(255, 255, 255); border-radius:0px; padding:0px 0px 0px 0px;'>\n<div id='slider_1286' class='owl-carousel sa_owl_theme autohide-arrows' data-slider-id='slider_1286' style='visibility:hidden;'>\n<div id='slider_1286_slide01' class='sa_hover_container' style='padding:5% 5%; margin:0px 0%; '><div style=\"text-align: center; padding-bottom: 10px;\">\r\n<div><a href=\"https:\/\/www.mpthitech.com\/wp-content\/uploads\/2015\/07\/Lavatrice--640x640.jpg\" rel=\"lightbox[gallery_impianti]\"> <img src=\"https:\/\/www.mpthitech.com\/wp-content\/uploads\/2015\/07\/Lavatrice--640x640.jpg\" alt=\"Logo 1\" \/> <\/a><\/div>\r\n<p>Waschmaschine mit Ama Universal-L\u00f6sungsmittel (Befreiung von \u00d6l, Graten und Sp\u00e4nen, besonders bei sehr kleinen Teilen)<\/p>\r\n<\/div><\/div>\n<div id='slider_1286_slide02' class='sa_hover_container' style='padding:5% 5%; margin:0px 0%; '><div style=\"text-align: center; padding-bottom: 10px;\">\r\n<div><a href=\"https:\/\/www.mpthitech.com\/wp-content\/uploads\/2015\/07\/Disoleazione-1-640x640.jpg\" rel=\"lightbox[gallery_impianti]\"> <img src=\"https:\/\/www.mpthitech.com\/wp-content\/uploads\/2015\/07\/Disoleazione-1-640x640.jpg\" alt=\"Logo 1\" \/> <\/a><\/div>\r\n<p>Zentralisiertes System zur Sammlung und Lagerung von Sp\u00e4nen und \u00d6l<\/p>\r\n<\/div><\/div>\n<div id='slider_1286_slide03' class='sa_hover_container' style='padding:5% 5%; margin:0px 0%; '><div style=\"text-align: center; padding-bottom: 10px;\">\r\n<div><a href=\"https:\/\/www.mpthitech.com\/wp-content\/uploads\/2015\/07\/Aria1-1-640x640.jpg\" rel=\"lightbox[gallery_impianti]\"> <img src=\"https:\/\/www.mpthitech.com\/wp-content\/uploads\/2015\/07\/Aria1-1-640x640.jpg\" alt=\"Logo 1\" \/> <\/a><\/div>\r\n<p>Zentralisiertes System f\u00fcr Luftreinigung von Emissionen aus der Verarbeitung<\/p>\r\n<\/div><\/div>\n<div id='slider_1286_slide04' class='sa_hover_container' style='padding:5% 5%; margin:0px 0%; '><div style=\"text-align: center; padding-bottom: 10px;\">\r\n<div><a href=\"https:\/\/www.mpthitech.com\/wp-content\/uploads\/2015\/07\/Kardex--640x640.jpg\" rel=\"lightbox[gallery_impianti]\"><img class=\"alignnone\" src=\"https:\/\/www.mpthitech.com\/wp-content\/uploads\/2015\/07\/Kardex--640x640.jpg\" alt=\"Elektronisches Kardex-Lager f\u00fcr Werkzeuge und Material zur Maschineneinstellung\" width=\"640\" height=\"640\" \/><\/a><\/div>\r\n<p>Elektronisches Kardex-Lager f\u00fcr Werkzeuge und Material zur Maschineneinstellung<\/p>\r\n<\/div><\/div>\n<div id='slider_1286_slide05' class='sa_hover_container' style='padding:5% 5%; margin:0px 0%; '><div style=\"text-align: center; padding-bottom: 10px;\">\r\n<div><a href=\"https:\/\/www.mpthitech.com\/wp-content\/uploads\/2015\/07\/fresa-640x640.jpg\" rel=\"lightbox[gallery_impianti]\"> <img src=\"https:\/\/www.mpthitech.com\/wp-content\/uploads\/2015\/07\/fresa-640x640.jpg\" alt=\"Logo 1\" \/> <\/a><\/div>\r\n<p>S\u00e4ulenbohrmaschine f\u00fcr Gewinde<\/p>\r\n<\/div><\/div>\n<div id='slider_1286_slide06' class='sa_hover_container' style='padding:5% 5%; margin:0px 0%; '><div style=\"text-align: center; padding-bottom: 10px;\">\r\n<div><a href=\"https:\/\/www.mpthitech.com\/wp-content\/uploads\/2015\/07\/compressore-640x640.jpg\" rel=\"lightbox[gallery_impianti]\"> <img src=\"https:\/\/www.mpthitech.com\/wp-content\/uploads\/2015\/07\/compressore-640x640.jpg\" alt=\"Logo 1\" \/> <\/a><\/div>\r\n<p>Schraubenkompressor von Kaeser<\/p>\r\n<\/div><\/div>\n<div id='slider_1286_slide07' class='sa_hover_container' style='padding:5% 5%; margin:0px 0%; '><div style=\"text-align: center; padding-bottom: 10px;\">\r\n<div><a href=\"https:\/\/www.mpthitech.com\/wp-content\/uploads\/2015\/07\/Forno--640x640.jpg\" rel=\"lightbox[gallery_impianti]\"><img class=\"alignnone\" src=\"https:\/\/www.mpthitech.com\/wp-content\/uploads\/2015\/07\/Forno--640x640.jpg\" alt=\"Sermac-Ofen f\u00fcr das Gl\u00fchverfahren\" width=\"640\" height=\"640\" \/><\/a><\/div>\r\n<p>Sermac-Ofen f\u00fcr das Gl\u00fchverfahren<\/p>\r\n<\/div><\/div>\n<div id='slider_1286_slide08' class='sa_hover_container' style='padding:5% 5%; margin:0px 0%; '><\/div>\n<\/div>\n<\/div>\n<script type='text\/javascript'>\n\tjQuery(document).ready(function() {\n\t\tjQuery('#slider_1286').owlCarousel({\n\t\t\tresponsive:{\n\t\t\t\t0:{ items:1 },\n\t\t\t\t480:{ items:2 },\n\t\t\t\t768:{ items:3 },\n\t\t\t\t980:{ items:4 },\n\t\t\t\t1200:{ items:4 },\n\t\t\t\t1500:{ items:4 }\n\t\t\t},\n\t\t\tautoplay : true,\n\t\t\tautoplayTimeout : 4000,\n\t\t\tautoplayHoverPause : true,\n\t\t\tsmartSpeed : 300,\n\t\t\tfluidSpeed : 300,\n\t\t\tautoplaySpeed : 300,\n\t\t\tnavSpeed : 300,\n\t\t\tdotsSpeed : 300,\n\t\t\tloop : true,\n\t\t\tnav : true,\n\t\t\tnavText : ['Previous','Next'],\n\t\t\tdots : false,\n\t\t\tresponsiveRefreshRate : 200,\n\t\t\tslideBy : 1,\n\t\t\tmergeFit : true,\n\t\t\tautoHeight : false,\n\t\t\tmouseDrag : true,\n\t\t\ttouchDrag : true\n\t\t});\n\t\tjQuery('#slider_1286').css('visibility', 'visible');\n\t\tsa_resize_slider_1286();\n\t\twindow.addEventListener('resize', sa_resize_slider_1286);\n\t\tfunction sa_resize_slider_1286() {\n\t\t\tvar min_height = '50';\n\t\t\tvar win_width = jQuery(window).width();\n\t\t\tvar slider_width = jQuery('#slider_1286').width();\n\t\t\tif (win_width < 480) {\n\t\t\t\tvar slide_width = slider_width \/ 1;\n\t\t\t} else if (win_width < 768) {\n\t\t\t\tvar slide_width = slider_width \/ 2;\n\t\t\t} else if (win_width < 980) {\n\t\t\t\tvar slide_width = slider_width \/ 3;\n\t\t\t} else if (win_width < 1200) {\n\t\t\t\tvar slide_width = slider_width \/ 4;\n\t\t\t} else if (win_width < 1500) {\n\t\t\t\tvar slide_width = slider_width \/ 4;\n\t\t\t} else {\n\t\t\t\tvar slide_width = slider_width \/ 4;\n\t\t\t}\n\t\t\tslide_width = Math.round(slide_width);\n\t\t\tvar slide_height = '0';\n\t\t\tif (min_height == 'aspect43') {\n\t\t\t\tslide_height = (slide_width \/ 4) * 3;\t\t\t\tslide_height = Math.round(slide_height);\n\t\t\t} else if (min_height == 'aspect169') {\n\t\t\t\tslide_height = (slide_width \/ 16) * 9;\t\t\t\tslide_height = Math.round(slide_height);\n\t\t\t} else {\n\t\t\t\tslide_height = (slide_width \/ 100) * min_height;\t\t\t\tslide_height = Math.round(slide_height);\n\t\t\t}\n\t\t\tjQuery('#slider_1286 .owl-item .sa_hover_container').css('min-height', slide_height+'px');\n\t\t}\n\t\tvar owl_goto = jQuery('#slider_1286');\n\t\tjQuery('.slider_1286_goto1').click(function(event){\n\t\t\towl_goto.trigger('to.owl.carousel', 0);\n\t\t});\n\t\tjQuery('.slider_1286_goto2').click(function(event){\n\t\t\towl_goto.trigger('to.owl.carousel', 1);\n\t\t});\n\t\tjQuery('.slider_1286_goto3').click(function(event){\n\t\t\towl_goto.trigger('to.owl.carousel', 2);\n\t\t});\n\t\tjQuery('.slider_1286_goto4').click(function(event){\n\t\t\towl_goto.trigger('to.owl.carousel', 3);\n\t\t});\n\t\tjQuery('.slider_1286_goto5').click(function(event){\n\t\t\towl_goto.trigger('to.owl.carousel', 4);\n\t\t});\n\t\tjQuery('.slider_1286_goto6').click(function(event){\n\t\t\towl_goto.trigger('to.owl.carousel', 5);\n\t\t});\n\t\tjQuery('.slider_1286_goto7').click(function(event){\n\t\t\towl_goto.trigger('to.owl.carousel', 6);\n\t\t});\n\t\tjQuery('.slider_1286_goto8').click(function(event){\n\t\t\towl_goto.trigger('to.owl.carousel', 7);\n\t\t});\n\t\tvar resize_1286 = jQuery('.owl-carousel');\n\t\tresize_1286.on('initialized.owl.carousel', function(e) {\n\t\t\tif (typeof(Event) === 'function') {\n\t\t\t\twindow.dispatchEvent(new Event('resize'));\n\t\t\t} else {\n\t\t\t\tvar evt = window.document.createEvent('UIEvents');\n\t\t\t\tevt.initUIEvent('resize', true, false, window, 0);\n\t\t\t\twindow.dispatchEvent(evt);\n\t\t\t}\n\t\t});\n\t});\n<\/script>\n[\/vc_column_text][\/vc_column][\/vc_row]<\/p>\n","protected":false},"excerpt":{"rendered":"<p>[vc_row rt_row_background_width=&#8220;default&#8220; rt_row_style=&#8220;default-style&#8220; rt_row_borders=&#8220;bottom&#8220; rt_row_paddings=&#8220;true&#8220; id=&#8220;tecnologia&#8220; rt_bg_effect=&#8220;classic&#8220; rt_bg_image_repeat=&#8220;repeat&#8220; rt_bg_size=&#8220;cover&#8220; rt_bg_position=&#8220;right top&#8220; rt_bg_attachment=&#8220;scroll&#8220; rt_bg_video_format=&#8220;self-hosted&#8220;][vc_column rt_wrp_col_paddings=&#8220;false&#8220; rt_border_top=&#8220;&#8220; rt_border_bottom=&#8220;&#8220; rt_border_left=&#8220;&#8220; rt_border_right=&#8220;&#8220; rt_border_top_mobile=&#8220;&#8220; rt_border_bottom_mobile=&#8220;&#8220; rt_border_left_mobile=&#8220;&#8220; rt_border_right_mobile=&#8220;&#8220; rt_bg_image_repeat=&#8220;repeat&#8220; rt_bg_size=&#8220;auto auto&#8220; rt_bg_position=&#8220;right<span class=\"excerpt-hellip\"> [\u2026]<\/span><\/p>\n","protected":false},"author":2,"featured_media":0,"parent":0,"menu_order":0,"comment_status":"open","ping_status":"open","template":"","meta":[],"yoast_head":"<!-- This site is optimized with the Yoast SEO plugin v20.4 - https:\/\/yoast.com\/wordpress\/plugins\/seo\/ -->\n<title>Technologie von MPT zur CNC-Bearbeitung von Messingdrehteilen<\/title>\n<meta name=\"description\" content=\"Die Herstellung von Messing-Pr\u00e4zisionsdrehteilen findet in einem modernen CNC-Bearbeitungszentrum statt Profilwalz-, Mehrspindel-, Drehmaschinen (CNC).\" \/>\n<meta name=\"robots\" content=\"index, follow, max-snippet:-1, max-image-preview:large, max-video-preview:-1\" \/>\n<link rel=\"canonical\" href=\"https:\/\/www.mpthitech.com\/de\/technologie\/\" \/>\n<meta property=\"og:locale\" content=\"de_DE\" \/>\n<meta property=\"og:type\" content=\"article\" \/>\n<meta property=\"og:title\" content=\"Technologie von MPT zur CNC-Bearbeitung von Messingdrehteilen\" \/>\n<meta property=\"og:description\" content=\"Die Herstellung von Messing-Pr\u00e4zisionsdrehteilen findet in einem modernen CNC-Bearbeitungszentrum statt Profilwalz-, Mehrspindel-, Drehmaschinen (CNC).\" \/>\n<meta property=\"og:url\" content=\"https:\/\/www.mpthitech.com\/de\/technologie\/\" \/>\n<meta property=\"og:site_name\" content=\"MPT S.r.l. - Precision Turning\" \/>\n<meta property=\"article:modified_time\" content=\"2018-08-27T09:31:36+00:00\" \/>\n<meta name=\"twitter:card\" content=\"summary_large_image\" \/>\n<meta name=\"twitter:label1\" content=\"Gesch\u00e4tzte Lesezeit\" \/>\n\t<meta name=\"twitter:data1\" content=\"1 Minute\" \/>\n<script type=\"application\/ld+json\" class=\"yoast-schema-graph\">{\"@context\":\"https:\/\/schema.org\",\"@graph\":[{\"@type\":\"WebPage\",\"@id\":\"https:\/\/www.mpthitech.com\/de\/technologie\/\",\"url\":\"https:\/\/www.mpthitech.com\/de\/technologie\/\",\"name\":\"Technologie von MPT zur CNC-Bearbeitung von Messingdrehteilen\",\"isPartOf\":{\"@id\":\"https:\/\/www.mpthitech.com\/#website\"},\"datePublished\":\"2015-07-06T09:20:49+00:00\",\"dateModified\":\"2018-08-27T09:31:36+00:00\",\"description\":\"Die Herstellung von Messing-Pr\u00e4zisionsdrehteilen findet in einem modernen CNC-Bearbeitungszentrum statt Profilwalz-, Mehrspindel-, Drehmaschinen (CNC).\",\"breadcrumb\":{\"@id\":\"https:\/\/www.mpthitech.com\/de\/technologie\/#breadcrumb\"},\"inLanguage\":\"de-DE\",\"potentialAction\":[{\"@type\":\"ReadAction\",\"target\":[\"https:\/\/www.mpthitech.com\/de\/technologie\/\"]}]},{\"@type\":\"BreadcrumbList\",\"@id\":\"https:\/\/www.mpthitech.com\/de\/technologie\/#breadcrumb\",\"itemListElement\":[{\"@type\":\"ListItem\",\"position\":1,\"name\":\"Home\",\"item\":\"https:\/\/www.mpthitech.com\/de\/\"},{\"@type\":\"ListItem\",\"position\":2,\"name\":\"TECHNOLOGIE\"}]},{\"@type\":\"WebSite\",\"@id\":\"https:\/\/www.mpthitech.com\/#website\",\"url\":\"https:\/\/www.mpthitech.com\/\",\"name\":\"MPT S.r.l. - Precision Turning\",\"description\":\"\",\"potentialAction\":[{\"@type\":\"SearchAction\",\"target\":{\"@type\":\"EntryPoint\",\"urlTemplate\":\"https:\/\/www.mpthitech.com\/?s={search_term_string}\"},\"query-input\":\"required name=search_term_string\"}],\"inLanguage\":\"de-DE\"}]}<\/script>\n<!-- \/ Yoast SEO plugin. -->","yoast_head_json":{"title":"Technologie von MPT zur CNC-Bearbeitung von Messingdrehteilen","description":"Die Herstellung von Messing-Pr\u00e4zisionsdrehteilen findet in einem modernen CNC-Bearbeitungszentrum statt Profilwalz-, Mehrspindel-, Drehmaschinen (CNC).","robots":{"index":"index","follow":"follow","max-snippet":"max-snippet:-1","max-image-preview":"max-image-preview:large","max-video-preview":"max-video-preview:-1"},"canonical":"https:\/\/www.mpthitech.com\/de\/technologie\/","og_locale":"de_DE","og_type":"article","og_title":"Technologie von MPT zur CNC-Bearbeitung von Messingdrehteilen","og_description":"Die Herstellung von Messing-Pr\u00e4zisionsdrehteilen findet in einem modernen CNC-Bearbeitungszentrum statt Profilwalz-, Mehrspindel-, Drehmaschinen (CNC).","og_url":"https:\/\/www.mpthitech.com\/de\/technologie\/","og_site_name":"MPT S.r.l. - Precision Turning","article_modified_time":"2018-08-27T09:31:36+00:00","twitter_card":"summary_large_image","twitter_misc":{"Gesch\u00e4tzte Lesezeit":"1 Minute"},"schema":{"@context":"https:\/\/schema.org","@graph":[{"@type":"WebPage","@id":"https:\/\/www.mpthitech.com\/de\/technologie\/","url":"https:\/\/www.mpthitech.com\/de\/technologie\/","name":"Technologie von MPT zur CNC-Bearbeitung von Messingdrehteilen","isPartOf":{"@id":"https:\/\/www.mpthitech.com\/#website"},"datePublished":"2015-07-06T09:20:49+00:00","dateModified":"2018-08-27T09:31:36+00:00","description":"Die Herstellung von Messing-Pr\u00e4zisionsdrehteilen findet in einem modernen CNC-Bearbeitungszentrum statt Profilwalz-, Mehrspindel-, Drehmaschinen (CNC).","breadcrumb":{"@id":"https:\/\/www.mpthitech.com\/de\/technologie\/#breadcrumb"},"inLanguage":"de-DE","potentialAction":[{"@type":"ReadAction","target":["https:\/\/www.mpthitech.com\/de\/technologie\/"]}]},{"@type":"BreadcrumbList","@id":"https:\/\/www.mpthitech.com\/de\/technologie\/#breadcrumb","itemListElement":[{"@type":"ListItem","position":1,"name":"Home","item":"https:\/\/www.mpthitech.com\/de\/"},{"@type":"ListItem","position":2,"name":"TECHNOLOGIE"}]},{"@type":"WebSite","@id":"https:\/\/www.mpthitech.com\/#website","url":"https:\/\/www.mpthitech.com\/","name":"MPT S.r.l. - Precision Turning","description":"","potentialAction":[{"@type":"SearchAction","target":{"@type":"EntryPoint","urlTemplate":"https:\/\/www.mpthitech.com\/?s={search_term_string}"},"query-input":"required name=search_term_string"}],"inLanguage":"de-DE"}]}},"_links":{"self":[{"href":"https:\/\/www.mpthitech.com\/de\/wp-json\/wp\/v2\/pages\/616"}],"collection":[{"href":"https:\/\/www.mpthitech.com\/de\/wp-json\/wp\/v2\/pages"}],"about":[{"href":"https:\/\/www.mpthitech.com\/de\/wp-json\/wp\/v2\/types\/page"}],"author":[{"embeddable":true,"href":"https:\/\/www.mpthitech.com\/de\/wp-json\/wp\/v2\/users\/2"}],"replies":[{"embeddable":true,"href":"https:\/\/www.mpthitech.com\/de\/wp-json\/wp\/v2\/comments?post=616"}],"version-history":[{"count":3,"href":"https:\/\/www.mpthitech.com\/de\/wp-json\/wp\/v2\/pages\/616\/revisions"}],"predecessor-version":[{"id":1378,"href":"https:\/\/www.mpthitech.com\/de\/wp-json\/wp\/v2\/pages\/616\/revisions\/1378"}],"wp:attachment":[{"href":"https:\/\/www.mpthitech.com\/de\/wp-json\/wp\/v2\/media?parent=616"}],"curies":[{"name":"wp","href":"https:\/\/api.w.org\/{rel}","templated":true}]}}