{"id":611,"date":"2017-09-15T10:03:50","date_gmt":"2017-09-15T08:03:50","guid":{"rendered":"https:\/\/www.mpthitech.com\/?page_id=611"},"modified":"2018-08-27T11:28:58","modified_gmt":"2018-08-27T09:28:58","slug":"home","status":"publish","type":"page","link":"https:\/\/www.mpthitech.com\/de\/","title":{"rendered":"HOME"},"content":{"rendered":"<p>[vc_row rt_row_background_width=&#8220;default&#8220; rt_row_style=&#8220;default-style&#8220; rt_row_borders=&#8220;&#8220; rt_row_paddings=&#8220;true&#8220; rt_bg_effect=&#8220;classic&#8220; rt_bg_image_repeat=&#8220;repeat&#8220; rt_bg_size=&#8220;cover&#8220; rt_bg_position=&#8220;right top&#8220; rt_bg_attachment=&#8220;scroll&#8220; rt_bg_video_format=&#8220;self-hosted&#8220; el_id=&#8220;animazione_cerchi&#8220;][vc_column width=&#8220;1\/3&#8243; rt_wrp_col_paddings=&#8220;false&#8220; rt_border_top=&#8220;&#8220; rt_border_bottom=&#8220;&#8220; rt_border_left=&#8220;&#8220; rt_border_right=&#8220;&#8220; rt_border_top_mobile=&#8220;&#8220; rt_border_bottom_mobile=&#8220;&#8220; rt_border_left_mobile=&#8220;&#8220; rt_border_right_mobile=&#8220;&#8220; rt_bg_image_repeat=&#8220;repeat&#8220; rt_bg_size=&#8220;auto auto&#8220; rt_bg_position=&#8220;right top&#8220; rt_bg_attachment=&#8220;scroll&#8220;][vc_pie value=&#8220;25 &#8220; color=&#8220;custom&#8220; title=&#8220;<strong>MILIONEN<\/strong><br \/>\nhergestellte Pr\u00e4zisionsdrehteile aus unterschiedlichen Messinglegierungen&#8220; custom_color=&#8220;#ff9900&#8243;][\/vc_column][vc_column width=&#8220;1\/3&#8243; rt_wrp_col_paddings=&#8220;false&#8220; rt_border_top=&#8220;&#8220; rt_border_bottom=&#8220;&#8220; rt_border_left=&#8220;&#8220; rt_border_right=&#8220;&#8220; rt_border_top_mobile=&#8220;&#8220; rt_border_bottom_mobile=&#8220;&#8220; rt_border_left_mobile=&#8220;&#8220; rt_border_right_mobile=&#8220;&#8220; rt_bg_image_repeat=&#8220;repeat&#8220; rt_bg_size=&#8220;auto auto&#8220; rt_bg_position=&#8220;right top&#8220; rt_bg_attachment=&#8220;scroll&#8220;][vc_pie value=&#8220;90&#8243; color=&#8220;custom&#8220; title=&#8220;<strong>PROZENT<\/strong><br \/>\nunserer Pr\u00e4zisionsdrehteile werden nach Europa exportiert&#8220; custom_color=&#8220;#ff9900&#8243;][\/vc_column][vc_column width=&#8220;1\/3&#8243; rt_wrp_col_paddings=&#8220;false&#8220; rt_border_top=&#8220;&#8220; rt_border_bottom=&#8220;&#8220; rt_border_left=&#8220;&#8220; rt_border_right=&#8220;&#8220; rt_border_top_mobile=&#8220;&#8220; rt_border_bottom_mobile=&#8220;&#8220; rt_border_left_mobile=&#8220;&#8220; rt_border_right_mobile=&#8220;&#8220; rt_bg_image_repeat=&#8220;repeat&#8220; rt_bg_size=&#8220;auto auto&#8220; rt_bg_position=&#8220;right top&#8220; rt_bg_attachment=&#8220;scroll&#8220;][vc_pie value=&#8220;24&#8243; color=&#8220;custom&#8220; title=&#8220;<strong>STUNDEN PRO TAG<\/strong><br \/>\narbeiten wir f\u00fcr maximale Leistung und Produktivit\u00e4t&#8220; custom_color=&#8220;#ff9900&#8243;][\/vc_column][\/vc_row][vc_row rt_row_background_width=&#8220;default&#8220; rt_row_style=&#8220;default-style&#8220; rt_row_borders=&#8220;&#8220; rt_row_paddings=&#8220;true&#8220; rt_bg_effect=&#8220;classic&#8220; rt_bg_image_repeat=&#8220;repeat&#8220; rt_bg_size=&#8220;cover&#8220; rt_bg_position=&#8220;right top&#8220; rt_bg_attachment=&#8220;scroll&#8220; rt_bg_video_format=&#8220;self-hosted&#8220; el_id=&#8220;testo_home&#8220;][vc_column rt_wrp_col_paddings=&#8220;false&#8220; rt_border_top=&#8220;&#8220; rt_border_bottom=&#8220;&#8220; rt_border_left=&#8220;&#8220; rt_border_right=&#8220;&#8220; rt_border_top_mobile=&#8220;&#8220; rt_border_bottom_mobile=&#8220;&#8220; rt_border_left_mobile=&#8220;&#8220; rt_border_right_mobile=&#8220;&#8220; rt_bg_image_repeat=&#8220;repeat&#8220; rt_bg_size=&#8220;auto auto&#8220; rt_bg_position=&#8220;right top&#8220; rt_bg_attachment=&#8220;scroll&#8220;][vc_column_text css=&#8220;.vc_custom_1535358705748{background-image: url(https:\/\/www.mpthitech.com\/wp-content\/uploads\/2015\/07\/sfondo.jpg?id=4) !important;}&#8220; el_id=&#8220;cartina_home&#8220;]<\/p>\n<h1>Herstellung von Pr\u00e4zisionsdrehteilen aus Messing<\/h1>\n<p>Wenn Sie einen professionellen, erfahrenen <strong>Hersteller von Drehteilen aus Messing<\/strong> suchen, versorgen wir Sie mit Produkten h\u00f6chster Qualit\u00e4t. Wir sind ein italienischer Hersteller von Pr\u00e4zisionsdrehteilen und haben uns auf Teile spezialisiert, die f\u00fcr:<br \/>\n\u2022 Heizungen<br \/>\n\u2022 Fahrzeuge<br \/>\n\u2022 Pumpen,<br \/>\n\u2022 Schl\u00e4uche<br \/>\n\u2022 Sensoren<br \/>\n\u2022 Rohre<br \/>\n\u2022 Messger\u00e4te<br \/>\n\u2022 Solaranlagen<br \/>\nverwendet werden.<\/p>\n<p>Wir stellen <strong>Messinggewinde von h\u00f6chster Qualit\u00e4t<\/strong> her, angefangen von den Rohmaterialien, die wir sehr sorgf\u00e4ltig nach ihrer Qualit\u00e4t ausw\u00e4hlen. Wir garantieren die <a href=\"https:\/\/www.mpthitech.com\/de\/die-werkstatt\/\">bestm\u00f6glichen Herstellungsprozesse<\/a>, um die besten am Markt erh\u00e4ltlichen Pr\u00e4zisionsdrehteile zu fertigen.<br \/>\nWir bieten stets das beste <strong>Preis-Leistungs-Verh\u00e4ltnis<\/strong> an, um den hohen Qualit\u00e4tsstandard unserer Messingdrehteile zu garantieren.<\/p>\n<p>Wir wissen, dass unsere Kunden den besten Hersteller von Pr\u00e4zisionsdrehteilen f\u00fcr ihre Zwecke suchen. Wir wissen auch, dass Qualit\u00e4t ebenso wichtig ist wie ein g\u00fcnstiger Preis. Deswegen arbeiten wir hart daran, unsere Kunden zufriedenzustellen.<\/p>\n<p>Ein Beleg daf\u00fcr ist, dass <strong>90% unserer Kunden aus Europa kommen<\/strong>, wo sehr hohe Qualit\u00e4tsstandards gelten. Sie vertrauen darauf, dass wir einen exzellenten Service anbieten. Drehteile wie unsere Messinggewinde aus dem Ausland zur\u00fcckzusenden, w\u00e4re f\u00fcr sie kompliziert. Deshalb stellen wir sicher, dass wir alle unsere Produkte stets in der besten Qualit\u00e4t produzieren, sodass R\u00fccksendungen nicht n\u00f6tig sind. Unsere Kunden k\u00f6nnen sich darauf verlassen, Messingdrehteile mit der besten <a href=\"https:\/\/www.mpthitech.com\/de\/technologie\/\">CNC-Bearbeitung<\/a> zu erhalten. <em>Dazu gehen wir sicher, dass wir alle Anforderungen der Kunden vollst\u00e4ndig erfasst haben und ihnen genau das, was sie brauchen zum richtigen Zeitpunkt liefern<\/em>.<br \/>\nWir arbeiten 24 Stunden am Tag, um Auftr\u00e4ge so schnell wie m\u00f6glich zu erf\u00fcllen und um sicherzustellen, dass Sie die Teile, die Sie ben\u00f6tigen, zum optimalen Zeitpunkt erhalten. Dadurch sind wir au\u00dferdem h\u00f6chst effizient, das hei\u00dft, dass wir die Kosten \u00e4u\u00dferst g\u00fcnstig halten k\u00f6nnen.<\/p>\n<p>Wir freuen uns, wenn Sie uns kontaktieren, um mehr \u00fcber die CNC-Drehteile aus Messing zu erfahren, die wir f\u00fcr Sie herstellen k\u00f6nnen. Gerne k\u00f6nnen wir Ihre Anforderungen, Budgets und Zeitpl\u00e4ne besprechen, damit Sie entscheiden k\u00f6nnen, ob wir der beste Anbieter f\u00fcr Sie sind. Wir sind stolz auf unsere Qualit\u00e4t, unser Preis-Leistungs-Verh\u00e4ltnis sowie auf unseren Kundenservice und hoffen daher, dass auch Sie Ihr Vertrauen in uns setzen.<\/p>\n<p>Wir beziehen unsere Rohstoffe von den besten zertifizierten Herstellern in Europa.<\/p>\n<h2>Herstellung von Messing-Gewinden<\/h2>\n<p>Wir produzieren folgende Gewinde aus Messing : <strong>GAS, metrisch, ISO7, NPT, UNS, UNF, BA<\/strong> und<strong> Linksgewinde<\/strong>.<br \/>\nDas Unternehmen ist auf die Herstellung von Pr\u00e4zisionsdrehteilen f\u00fcr folgende <strong>Industriebereiche<\/strong> spezialisiert:<br \/>\n\u2022 Schlauchverbinder f\u00fcr Gummischl\u00e4uche<br \/>\n\u2022 Erdgas oder Fl\u00fcssiggas (LPG)<br \/>\n\u2022 Heizungen<br \/>\n\u2022 Automotive<br \/>\n\u2022 Solarpaneele<br \/>\n\u2022 Hydraulik<br \/>\n\u2022 Luftfahrt<br \/>\n\u2022 Hochdruck<br \/>\n\u2022 Pumpen<br \/>\n\u2022 Sensoren<br \/>\n\u2022 Elektrotechnik<br \/>\n\u2022 Thermostath\u00fcllen<br \/>\n\u2022 Druckmesser<br \/>\n\u2022 Kunststoffeins\u00e4tze<br \/>\n\u2022 Pneumatik<br \/>\n\u2022 Telekommunikation<br \/>\n\u2022 Lebensmittelindustrie<\/p>\n<p>In unserem Unternehmen besch\u00e4ftigen wir nur qualifiziertes und spezialisiertes Personal. <strong>Konstante Weiterbildung<\/strong> garantiert, dass unsere Mitarbeiter immer auf dem neuesten Stand der Technik sind. Durch kontinuierliche Verbesserungen steigern wir unsere Leistung und erf\u00fcllen die strengsten Marktanforderungen.<\/p>\n<h2>Zertifizierung nach 1001:2008<\/h2>\n<p>Unsere Zertifizierung nach 1001:2008 garantiert die Verbrauchersicherheit und steht f\u00fcr die Zuverl\u00e4ssigkeit unseres Unternehmens.[\/vc_column_text][\/vc_column][\/vc_row]<\/p>\n","protected":false},"excerpt":{"rendered":"<p>[vc_row rt_row_background_width=&#8220;default&#8220; rt_row_style=&#8220;default-style&#8220; rt_row_borders=&#8220;&#8220; rt_row_paddings=&#8220;true&#8220; rt_bg_effect=&#8220;classic&#8220; rt_bg_image_repeat=&#8220;repeat&#8220; rt_bg_size=&#8220;cover&#8220; rt_bg_position=&#8220;right top&#8220; rt_bg_attachment=&#8220;scroll&#8220; rt_bg_video_format=&#8220;self-hosted&#8220; el_id=&#8220;animazione_cerchi&#8220;][vc_column width=&#8220;1\/3&#8243; rt_wrp_col_paddings=&#8220;false&#8220; rt_border_top=&#8220;&#8220; rt_border_bottom=&#8220;&#8220; rt_border_left=&#8220;&#8220; rt_border_right=&#8220;&#8220; rt_border_top_mobile=&#8220;&#8220; rt_border_bottom_mobile=&#8220;&#8220; rt_border_left_mobile=&#8220;&#8220; rt_border_right_mobile=&#8220;&#8220; rt_bg_image_repeat=&#8220;repeat&#8220; rt_bg_size=&#8220;auto auto&#8220;<span class=\"excerpt-hellip\"> [\u2026]<\/span><\/p>\n","protected":false},"author":2,"featured_media":0,"parent":0,"menu_order":0,"comment_status":"open","ping_status":"closed","template":"","meta":[],"yoast_head":"<!-- This site is optimized with the Yoast SEO plugin v20.4 - https:\/\/yoast.com\/wordpress\/plugins\/seo\/ -->\n<title>Hersteller von Pr\u00e4zisionsdrehteilen \u2013 Messingdrehteile \u2013 MPT<\/title>\n<meta name=\"description\" content=\"MPThitech ist ein italienischer Hersteller von Messingdrehteilen f\u00fcr vielf\u00e4ltige Industriebereiche Zertifizierung 1001:2008 CNC-Bearbeitung und -Drehen\" \/>\n<meta name=\"robots\" content=\"index, follow, max-snippet:-1, max-image-preview:large, max-video-preview:-1\" \/>\n<link rel=\"canonical\" href=\"https:\/\/www.mpthitech.com\/de\/\" \/>\n<meta property=\"og:locale\" content=\"de_DE\" \/>\n<meta property=\"og:type\" content=\"article\" \/>\n<meta property=\"og:title\" content=\"Hersteller von Pr\u00e4zisionsdrehteilen \u2013 Messingdrehteile \u2013 MPT\" \/>\n<meta property=\"og:description\" content=\"MPThitech ist ein italienischer Hersteller von Messingdrehteilen f\u00fcr vielf\u00e4ltige Industriebereiche Zertifizierung 1001:2008 CNC-Bearbeitung und -Drehen\" \/>\n<meta property=\"og:url\" content=\"https:\/\/www.mpthitech.com\/de\/\" \/>\n<meta property=\"og:site_name\" content=\"MPT S.r.l. - Precision Turning\" \/>\n<meta property=\"article:modified_time\" content=\"2018-08-27T09:28:58+00:00\" \/>\n<meta name=\"twitter:card\" content=\"summary_large_image\" \/>\n<meta name=\"twitter:label1\" content=\"Gesch\u00e4tzte Lesezeit\" \/>\n\t<meta name=\"twitter:data1\" content=\"5 Minuten\" \/>\n<script type=\"application\/ld+json\" class=\"yoast-schema-graph\">{\"@context\":\"https:\/\/schema.org\",\"@graph\":[{\"@type\":\"WebPage\",\"@id\":\"https:\/\/www.mpthitech.com\/de\/\",\"url\":\"https:\/\/www.mpthitech.com\/de\/\",\"name\":\"Hersteller von Pr\u00e4zisionsdrehteilen \u2013 Messingdrehteile \u2013 MPT\",\"isPartOf\":{\"@id\":\"https:\/\/www.mpthitech.com\/#website\"},\"datePublished\":\"2017-09-15T08:03:50+00:00\",\"dateModified\":\"2018-08-27T09:28:58+00:00\",\"description\":\"MPThitech ist ein italienischer Hersteller von Messingdrehteilen f\u00fcr vielf\u00e4ltige Industriebereiche Zertifizierung 1001:2008 CNC-Bearbeitung und -Drehen\",\"breadcrumb\":{\"@id\":\"https:\/\/www.mpthitech.com\/de\/#breadcrumb\"},\"inLanguage\":\"de-DE\",\"potentialAction\":[{\"@type\":\"ReadAction\",\"target\":[\"https:\/\/www.mpthitech.com\/de\/\"]}]},{\"@type\":\"BreadcrumbList\",\"@id\":\"https:\/\/www.mpthitech.com\/de\/#breadcrumb\",\"itemListElement\":[{\"@type\":\"ListItem\",\"position\":1,\"name\":\"Home\",\"item\":\"https:\/\/www.mpthitech.com\/de\/\"},{\"@type\":\"ListItem\",\"position\":2,\"name\":\"HOME\"}]},{\"@type\":\"WebSite\",\"@id\":\"https:\/\/www.mpthitech.com\/#website\",\"url\":\"https:\/\/www.mpthitech.com\/\",\"name\":\"MPT S.r.l. - Precision Turning\",\"description\":\"\",\"potentialAction\":[{\"@type\":\"SearchAction\",\"target\":{\"@type\":\"EntryPoint\",\"urlTemplate\":\"https:\/\/www.mpthitech.com\/?s={search_term_string}\"},\"query-input\":\"required name=search_term_string\"}],\"inLanguage\":\"de-DE\"}]}<\/script>\n<!-- \/ Yoast SEO plugin. -->","yoast_head_json":{"title":"Hersteller von Pr\u00e4zisionsdrehteilen \u2013 Messingdrehteile \u2013 MPT","description":"MPThitech ist ein italienischer Hersteller von Messingdrehteilen f\u00fcr vielf\u00e4ltige Industriebereiche Zertifizierung 1001:2008 CNC-Bearbeitung und -Drehen","robots":{"index":"index","follow":"follow","max-snippet":"max-snippet:-1","max-image-preview":"max-image-preview:large","max-video-preview":"max-video-preview:-1"},"canonical":"https:\/\/www.mpthitech.com\/de\/","og_locale":"de_DE","og_type":"article","og_title":"Hersteller von Pr\u00e4zisionsdrehteilen \u2013 Messingdrehteile \u2013 MPT","og_description":"MPThitech ist ein italienischer Hersteller von Messingdrehteilen f\u00fcr vielf\u00e4ltige Industriebereiche Zertifizierung 1001:2008 CNC-Bearbeitung und -Drehen","og_url":"https:\/\/www.mpthitech.com\/de\/","og_site_name":"MPT S.r.l. - Precision Turning","article_modified_time":"2018-08-27T09:28:58+00:00","twitter_card":"summary_large_image","twitter_misc":{"Gesch\u00e4tzte Lesezeit":"5 Minuten"},"schema":{"@context":"https:\/\/schema.org","@graph":[{"@type":"WebPage","@id":"https:\/\/www.mpthitech.com\/de\/","url":"https:\/\/www.mpthitech.com\/de\/","name":"Hersteller von Pr\u00e4zisionsdrehteilen \u2013 Messingdrehteile \u2013 MPT","isPartOf":{"@id":"https:\/\/www.mpthitech.com\/#website"},"datePublished":"2017-09-15T08:03:50+00:00","dateModified":"2018-08-27T09:28:58+00:00","description":"MPThitech ist ein italienischer Hersteller von Messingdrehteilen f\u00fcr vielf\u00e4ltige Industriebereiche Zertifizierung 1001:2008 CNC-Bearbeitung und -Drehen","breadcrumb":{"@id":"https:\/\/www.mpthitech.com\/de\/#breadcrumb"},"inLanguage":"de-DE","potentialAction":[{"@type":"ReadAction","target":["https:\/\/www.mpthitech.com\/de\/"]}]},{"@type":"BreadcrumbList","@id":"https:\/\/www.mpthitech.com\/de\/#breadcrumb","itemListElement":[{"@type":"ListItem","position":1,"name":"Home","item":"https:\/\/www.mpthitech.com\/de\/"},{"@type":"ListItem","position":2,"name":"HOME"}]},{"@type":"WebSite","@id":"https:\/\/www.mpthitech.com\/#website","url":"https:\/\/www.mpthitech.com\/","name":"MPT S.r.l. - Precision Turning","description":"","potentialAction":[{"@type":"SearchAction","target":{"@type":"EntryPoint","urlTemplate":"https:\/\/www.mpthitech.com\/?s={search_term_string}"},"query-input":"required name=search_term_string"}],"inLanguage":"de-DE"}]}},"_links":{"self":[{"href":"https:\/\/www.mpthitech.com\/de\/wp-json\/wp\/v2\/pages\/611"}],"collection":[{"href":"https:\/\/www.mpthitech.com\/de\/wp-json\/wp\/v2\/pages"}],"about":[{"href":"https:\/\/www.mpthitech.com\/de\/wp-json\/wp\/v2\/types\/page"}],"author":[{"embeddable":true,"href":"https:\/\/www.mpthitech.com\/de\/wp-json\/wp\/v2\/users\/2"}],"replies":[{"embeddable":true,"href":"https:\/\/www.mpthitech.com\/de\/wp-json\/wp\/v2\/comments?post=611"}],"version-history":[{"count":2,"href":"https:\/\/www.mpthitech.com\/de\/wp-json\/wp\/v2\/pages\/611\/revisions"}],"predecessor-version":[{"id":1376,"href":"https:\/\/www.mpthitech.com\/de\/wp-json\/wp\/v2\/pages\/611\/revisions\/1376"}],"wp:attachment":[{"href":"https:\/\/www.mpthitech.com\/de\/wp-json\/wp\/v2\/media?parent=611"}],"curies":[{"name":"wp","href":"https:\/\/api.w.org\/{rel}","templated":true}]}}