{"id":604,"date":"2017-09-15T09:38:27","date_gmt":"2017-09-15T07:38:27","guid":{"rendered":"https:\/\/www.mpthitech.com\/?page_id=604"},"modified":"2018-02-23T11:47:32","modified_gmt":"2018-02-23T10:47:32","slug":"cookie","status":"publish","type":"page","link":"https:\/\/www.mpthitech.com\/de\/cookie\/","title":{"rendered":"COOKIE"},"content":{"rendered":"<p>[vc_row rt_row_background_width=&#8220;default&#8220; rt_row_style=&#8220;default-style&#8220; rt_row_borders=&#8220;&#8220; rt_row_paddings=&#8220;true&#8220; rt_bg_effect=&#8220;classic&#8220; rt_bg_image_repeat=&#8220;repeat&#8220; rt_bg_size=&#8220;cover&#8220; rt_bg_position=&#8220;right top&#8220; rt_bg_attachment=&#8220;scroll&#8220; rt_bg_video_format=&#8220;self-hosted&#8220;][vc_column width=&#8220;1\/4&#8243; rt_wrp_col_paddings=&#8220;false&#8220; rt_border_top=&#8220;&#8220; rt_border_bottom=&#8220;&#8220; rt_border_left=&#8220;&#8220; rt_border_right=&#8220;&#8220; rt_border_top_mobile=&#8220;&#8220; rt_border_bottom_mobile=&#8220;&#8220; rt_border_left_mobile=&#8220;&#8220; rt_border_right_mobile=&#8220;&#8220; rt_bg_image_repeat=&#8220;repeat&#8220; rt_bg_size=&#8220;auto auto&#8220; rt_bg_position=&#8220;right top&#8220; rt_bg_attachment=&#8220;scroll&#8220;][vc_column_text]<\/p>\n<ul>\n<li><a href=\"https:\/\/www.mpthitech.com\/de\/datenschutzerklaerung\/\">Datenschutzerkl\u00e4rung<\/a><\/li>\n<li><a href=\"https:\/\/www.mpthitech.com\/de\/rechtliche-angaben\/\">Rechtliche Angaben<\/a><\/li>\n<li><a href=\"https:\/\/www.mpthitech.com\/de\/policy-privacy\/\">Policy Privacy<\/a><\/li>\n<li><a href=\"https:\/\/www.mpthitech.com\/de\/datenschutzerklaerung-fuer-kunden-und-lieferanten\/\">Kunden und Lieferanten<\/a><\/li>\n<li><a href=\"https:\/\/www.mpthitech.com\/de\/cookie\/\">Cookie<\/a><\/li>\n<\/ul>\n<p>[\/vc_column_text][\/vc_column][vc_column width=&#8220;3\/4&#8243;][vc_column_text]<strong>WAS SIND DIE COOKIES?<\/strong><br \/>\nCookies sind kleine Tnachtdateien, die auf ihrem Computer von Websites oder Anwendungen, die Sie besuchen, gespeichert werden. Sie sind reichlich benutzt, um den Gang der Websites und Anwendungen zu erlauben, oder um diese wirksamer arbeiten zu machen, sowie auch um Informationen \u00fcber den Inhaber der Website \/ Anwendung zu besorgen.<\/p>\n<p><strong>WO UND WARUM BENUTZEN WIR COOKIES?<\/strong><br \/>\nWir benutzen Cookies um die Verwendung und Funktionalit\u00e4t unserer Websites und\/oder unserer Anwendungen zu verbessern und um ein besseres Verst\u00e4ndnis davon zu haben, wie Besucher unsere Websites \/ Anwendungen und Tools \/ Dienstleistungen, die von den Seiten selbst angeboten werden, benutzen. Die Cookies helfen uns die Websites und die Anwendungen auf deine pers\u00f6nliche Bed\u00fcrfnisse zu personalisieren, das Nutzungserlebnis zu verbessern, um ein Feedback \u00fcber die Kundenzufriedenheit gegen\u00fcber unsere Websites\/Anwendungen (durch gew\u00e4hlte Partner) zu erhalten und um mit dir \u00fcberall im Web zu kommunizieren. Wir benutzen die Cookies nicht um pers\u00f6nliche Informationen wie deinen Namen zu sammeln; jedenfalls k\u00f6nnten wir in einem Cookie enthaltene Informationen an pers\u00f6nliche Infos, die von dir auf anderer Weise gesammelt wurden (z.B. Verzeichnung in Websites \/ Anwendungen), verbinden.<\/p>\n<p><strong>WELCHE ARTEN VON COOKIES VERWENDET?<\/strong><br \/>\nNachfolgend finden Sie eine Beschreibung der verschiedenen, innerhalb unserer Website, verwendeten Cookies.<\/p>\n<p><strong>NOTWENDIGE COOKIES<\/strong><br \/>\nDiese Cookies sind f\u00fcr die Aktivit\u00e4t einer Website \/ Anwendung unbedingt erforderlich. Ohne diese Cookies wird die Website \/ Anwendung nicht richtig funktionieren. Folglich haben wir nicht eine spezifische Genehmigung zu bitten f\u00fcr diese Art von Cookie.<\/p>\n<p><strong>FUNCTIONAL COOKIES<\/strong><br \/>\nDies sind Cookies, die f\u00fcr die Funktionsf\u00e4higkeit einer Website \/ Anwendung verwendet werden. Zum Beispiel Cookies, die den Inhalt, den du k\u00fcrzlich auf der Website \/ Anwendung gesehen hast, oder die E-Mail-Adresse oder das Passwort, das du zur Verf\u00fcgung w\u00e4hrend eines fr\u00fcheren Besuchs der Website \/ Anwendung bei der Aufzeichnung gestellt hast, erinnern. Die Cookies k\u00f6nnen auch Objekte speichern, die du zuvor im Warenkorb, w\u00e4hrend deines Besuchs auf einem Online-Shop, eingetragen hast. Mit Hilfe der funktionellen Cookies, k\u00f6nnen wir also personalisierte und an deine Interessen gebundene Inhalte bereitstellen, sowie dir Zeit ersparen ohne da\u03b2 du dich wieder aufzeichnen sollst oder da\u03b2 du die Informationen wieder eingeben sollst, wenn du wieder die Website\/Anwendung besuchst oder ein Zugang zu einem reservierten Bereich der Website versuchst.<\/p>\n<p><strong>FIRST PARTY COOKIES<\/strong><br \/>\nDies sind Cookies, die von einer spezifischen Website\/Anwendung eingespeichert werden und nur von dieser Seite gelesen werden k\u00f6nnen.<\/p>\n<p><strong>THIRD PARTY COOKIES<\/strong><br \/>\nDies sind von einer dritten Partei \u00fcbertragene Cookies, die wir f\u00fcr verschiedene Dienstleistungsarten benutzen (zum Beispiel statistiche Analyse oder Werbung)<\/p>\n<p><strong>WIE KANN ICH DIE EINSTELLUNGEN DER COOKIES \u00c4NDERN?<\/strong><br \/>\nBitte \u00fcberpr\u00fcfe, ob die Einstellungen von deinem Computer \/ Smartphone Cookies akzeptieren oder nicht, je nach deiner Wahl. Du kannst deinen Browser so einstellen, da\u03b2 er dich warnt bevor Cookies angenommen werden, oder du kannst ihn einfach so konfigurieren, da\u03b2 er sie automatisch zur\u00fcckweist, auch wenn du dabei nicht mehr auf alle Funktionen der Website Zugriff haben wirst. F\u00fcr weitere Einstellungsinformationen, kannst du die Schaltfl\u00e4che &#8222;Hilfe&#8220; deines Browsers verwenden. Erinnere dich daran, da\u03b2 du dich versichern solltest, wenn du verschiedene Rechner an verschiedenen Standorten verwendest, da\u03b2 jeder Browser so konfiguriert ist, da\u03b2 deine Cookie-Einstellungen reflektiert sind.[\/vc_column_text][\/vc_column][\/vc_row]<\/p>\n","protected":false},"excerpt":{"rendered":"<p>[vc_row rt_row_background_width=&#8220;default&#8220; rt_row_style=&#8220;default-style&#8220; rt_row_borders=&#8220;&#8220; rt_row_paddings=&#8220;true&#8220; rt_bg_effect=&#8220;classic&#8220; rt_bg_image_repeat=&#8220;repeat&#8220; rt_bg_size=&#8220;cover&#8220; rt_bg_position=&#8220;right top&#8220; rt_bg_attachment=&#8220;scroll&#8220; rt_bg_video_format=&#8220;self-hosted&#8220;][vc_column width=&#8220;1\/4&#8243; rt_wrp_col_paddings=&#8220;false&#8220; rt_border_top=&#8220;&#8220; rt_border_bottom=&#8220;&#8220; rt_border_left=&#8220;&#8220; rt_border_right=&#8220;&#8220; rt_border_top_mobile=&#8220;&#8220; rt_border_bottom_mobile=&#8220;&#8220; rt_border_left_mobile=&#8220;&#8220; rt_border_right_mobile=&#8220;&#8220; rt_bg_image_repeat=&#8220;repeat&#8220; rt_bg_size=&#8220;auto auto&#8220; rt_bg_position=&#8220;right<span class=\"excerpt-hellip\"> [\u2026]<\/span><\/p>\n","protected":false},"author":2,"featured_media":0,"parent":0,"menu_order":0,"comment_status":"open","ping_status":"closed","template":"","meta":[],"yoast_head":"<!-- This site is optimized with the Yoast SEO plugin v20.4 - https:\/\/yoast.com\/wordpress\/plugins\/seo\/ -->\n<title>COOKIE<\/title>\n<meta name=\"robots\" content=\"index, follow, max-snippet:-1, max-image-preview:large, max-video-preview:-1\" \/>\n<link rel=\"canonical\" href=\"https:\/\/www.mpthitech.com\/de\/cookie\/\" \/>\n<meta property=\"og:locale\" content=\"de_DE\" \/>\n<meta property=\"og:type\" content=\"article\" \/>\n<meta property=\"og:title\" content=\"COOKIE\" \/>\n<meta property=\"og:description\" content=\"[vc_row rt_row_background_width=&#8220;default&#8220; rt_row_style=&#8220;default-style&#8220; rt_row_borders=&#8220;&#8220; rt_row_paddings=&#8220;true&#8220; rt_bg_effect=&#8220;classic&#8220; rt_bg_image_repeat=&#8220;repeat&#8220; rt_bg_size=&#8220;cover&#8220; rt_bg_position=&#8220;right top&#8220; rt_bg_attachment=&#8220;scroll&#8220; rt_bg_video_format=&#8220;self-hosted&#8220;][vc_column width=&#8220;1\/4&#8243; rt_wrp_col_paddings=&#8220;false&#8220; rt_border_top=&#8220;&#8220; rt_border_bottom=&#8220;&#8220; rt_border_left=&#8220;&#8220; rt_border_right=&#8220;&#8220; rt_border_top_mobile=&#8220;&#8220; rt_border_bottom_mobile=&#8220;&#8220; rt_border_left_mobile=&#8220;&#8220; rt_border_right_mobile=&#8220;&#8220; rt_bg_image_repeat=&#8220;repeat&#8220; rt_bg_size=&#8220;auto auto&#8220; rt_bg_position=&#8220;right [\u2026]\" \/>\n<meta property=\"og:url\" content=\"https:\/\/www.mpthitech.com\/de\/cookie\/\" \/>\n<meta property=\"og:site_name\" content=\"MPT S.r.l. - Precision Turning\" \/>\n<meta property=\"article:modified_time\" content=\"2018-02-23T10:47:32+00:00\" \/>\n<meta name=\"twitter:card\" content=\"summary_large_image\" \/>\n<meta name=\"twitter:label1\" content=\"Gesch\u00e4tzte Lesezeit\" \/>\n\t<meta name=\"twitter:data1\" content=\"3 Minuten\" \/>\n<script type=\"application\/ld+json\" class=\"yoast-schema-graph\">{\"@context\":\"https:\/\/schema.org\",\"@graph\":[{\"@type\":\"WebPage\",\"@id\":\"https:\/\/www.mpthitech.com\/de\/cookie\/\",\"url\":\"https:\/\/www.mpthitech.com\/de\/cookie\/\",\"name\":\"COOKIE\",\"isPartOf\":{\"@id\":\"https:\/\/www.mpthitech.com\/#website\"},\"datePublished\":\"2017-09-15T07:38:27+00:00\",\"dateModified\":\"2018-02-23T10:47:32+00:00\",\"breadcrumb\":{\"@id\":\"https:\/\/www.mpthitech.com\/de\/cookie\/#breadcrumb\"},\"inLanguage\":\"de-DE\",\"potentialAction\":[{\"@type\":\"ReadAction\",\"target\":[\"https:\/\/www.mpthitech.com\/de\/cookie\/\"]}]},{\"@type\":\"BreadcrumbList\",\"@id\":\"https:\/\/www.mpthitech.com\/de\/cookie\/#breadcrumb\",\"itemListElement\":[{\"@type\":\"ListItem\",\"position\":1,\"name\":\"Home\",\"item\":\"https:\/\/www.mpthitech.com\/de\/\"},{\"@type\":\"ListItem\",\"position\":2,\"name\":\"COOKIE\"}]},{\"@type\":\"WebSite\",\"@id\":\"https:\/\/www.mpthitech.com\/#website\",\"url\":\"https:\/\/www.mpthitech.com\/\",\"name\":\"MPT S.r.l. - Precision Turning\",\"description\":\"\",\"potentialAction\":[{\"@type\":\"SearchAction\",\"target\":{\"@type\":\"EntryPoint\",\"urlTemplate\":\"https:\/\/www.mpthitech.com\/?s={search_term_string}\"},\"query-input\":\"required name=search_term_string\"}],\"inLanguage\":\"de-DE\"}]}<\/script>\n<!-- \/ Yoast SEO plugin. -->","yoast_head_json":{"title":"COOKIE","robots":{"index":"index","follow":"follow","max-snippet":"max-snippet:-1","max-image-preview":"max-image-preview:large","max-video-preview":"max-video-preview:-1"},"canonical":"https:\/\/www.mpthitech.com\/de\/cookie\/","og_locale":"de_DE","og_type":"article","og_title":"COOKIE","og_description":"[vc_row rt_row_background_width=&#8220;default&#8220; rt_row_style=&#8220;default-style&#8220; rt_row_borders=&#8220;&#8220; rt_row_paddings=&#8220;true&#8220; rt_bg_effect=&#8220;classic&#8220; rt_bg_image_repeat=&#8220;repeat&#8220; rt_bg_size=&#8220;cover&#8220; rt_bg_position=&#8220;right top&#8220; rt_bg_attachment=&#8220;scroll&#8220; rt_bg_video_format=&#8220;self-hosted&#8220;][vc_column width=&#8220;1\/4&#8243; rt_wrp_col_paddings=&#8220;false&#8220; rt_border_top=&#8220;&#8220; rt_border_bottom=&#8220;&#8220; rt_border_left=&#8220;&#8220; rt_border_right=&#8220;&#8220; rt_border_top_mobile=&#8220;&#8220; rt_border_bottom_mobile=&#8220;&#8220; rt_border_left_mobile=&#8220;&#8220; rt_border_right_mobile=&#8220;&#8220; rt_bg_image_repeat=&#8220;repeat&#8220; rt_bg_size=&#8220;auto auto&#8220; rt_bg_position=&#8220;right [\u2026]","og_url":"https:\/\/www.mpthitech.com\/de\/cookie\/","og_site_name":"MPT S.r.l. - Precision Turning","article_modified_time":"2018-02-23T10:47:32+00:00","twitter_card":"summary_large_image","twitter_misc":{"Gesch\u00e4tzte Lesezeit":"3 Minuten"},"schema":{"@context":"https:\/\/schema.org","@graph":[{"@type":"WebPage","@id":"https:\/\/www.mpthitech.com\/de\/cookie\/","url":"https:\/\/www.mpthitech.com\/de\/cookie\/","name":"COOKIE","isPartOf":{"@id":"https:\/\/www.mpthitech.com\/#website"},"datePublished":"2017-09-15T07:38:27+00:00","dateModified":"2018-02-23T10:47:32+00:00","breadcrumb":{"@id":"https:\/\/www.mpthitech.com\/de\/cookie\/#breadcrumb"},"inLanguage":"de-DE","potentialAction":[{"@type":"ReadAction","target":["https:\/\/www.mpthitech.com\/de\/cookie\/"]}]},{"@type":"BreadcrumbList","@id":"https:\/\/www.mpthitech.com\/de\/cookie\/#breadcrumb","itemListElement":[{"@type":"ListItem","position":1,"name":"Home","item":"https:\/\/www.mpthitech.com\/de\/"},{"@type":"ListItem","position":2,"name":"COOKIE"}]},{"@type":"WebSite","@id":"https:\/\/www.mpthitech.com\/#website","url":"https:\/\/www.mpthitech.com\/","name":"MPT S.r.l. - Precision Turning","description":"","potentialAction":[{"@type":"SearchAction","target":{"@type":"EntryPoint","urlTemplate":"https:\/\/www.mpthitech.com\/?s={search_term_string}"},"query-input":"required name=search_term_string"}],"inLanguage":"de-DE"}]}},"_links":{"self":[{"href":"https:\/\/www.mpthitech.com\/de\/wp-json\/wp\/v2\/pages\/604"}],"collection":[{"href":"https:\/\/www.mpthitech.com\/de\/wp-json\/wp\/v2\/pages"}],"about":[{"href":"https:\/\/www.mpthitech.com\/de\/wp-json\/wp\/v2\/types\/page"}],"author":[{"embeddable":true,"href":"https:\/\/www.mpthitech.com\/de\/wp-json\/wp\/v2\/users\/2"}],"replies":[{"embeddable":true,"href":"https:\/\/www.mpthitech.com\/de\/wp-json\/wp\/v2\/comments?post=604"}],"version-history":[{"count":4,"href":"https:\/\/www.mpthitech.com\/de\/wp-json\/wp\/v2\/pages\/604\/revisions"}],"predecessor-version":[{"id":1278,"href":"https:\/\/www.mpthitech.com\/de\/wp-json\/wp\/v2\/pages\/604\/revisions\/1278"}],"wp:attachment":[{"href":"https:\/\/www.mpthitech.com\/de\/wp-json\/wp\/v2\/media?parent=604"}],"curies":[{"name":"wp","href":"https:\/\/api.w.org\/{rel}","templated":true}]}}