{"id":1500,"date":"2019-09-19T12:06:20","date_gmt":"2019-09-19T10:06:20","guid":{"rendered":"http:\/\/www.mpthitech.com\/?page_id=1500"},"modified":"2025-03-28T16:18:09","modified_gmt":"2025-03-28T15:18:09","slug":"unternehmenspolitik","status":"publish","type":"page","link":"https:\/\/www.mpthitech.com\/de\/unternehmenspolitik\/","title":{"rendered":"UNTERNEHMENSPOLITIK\u00a0"},"content":{"rendered":"<p>[vc_row][vc_column][vc_column_text]<\/p>\n<h1>UNTERNEHMENSPOLITIK<\/h1>\n<p><strong>M.P.T. Ltd.<\/strong> ist ein italienisches Unternehmen, das<strong> seit fast 20<\/strong> Jahren Pr\u00e4zisionsdrehteile f\u00fcr Anwendungen in verschiedenen T\u00e4tigkeitsbereichen auf den wichtigsten europ\u00e4ischen M\u00e4rkten herstellt.<\/p>\n<p>Um sowohl die Bed\u00fcrfnisse der Kunden und Interessenten zu erf\u00fcllen als auch die Unternehmensleistung zu \u00fcberwachen, verwendet das Management von MPT seit mehreren Jahren ein integriertes Qualit\u00e4ts- und Umweltmanagementsystem gem\u00e4\u00df den Normen <a href=\"https:\/\/www.mpthitech.com\/wp-content\/uploads\/2024\/07\/Certificato-ISO-9001.pdf\" target=\"_blank\" rel=\"noopener\">UNI EN ISO 9001:2015<\/a>, <a href=\"https:\/\/www.mpthitech.com\/wp-content\/uploads\/2019\/09\/D-10012008.pdf\" target=\"_blank\" rel=\"noopener\">D1001:2008<\/a> und <a href=\"https:\/\/www.mpthitech.com\/wp-content\/uploads\/2024\/10\/Certificato-ISO-14001-3.pdf\" target=\"_blank\" rel=\"noopener\">UNI EN ISO 14001:2015<\/a>.<\/p>\n<p><strong>Die St\u00e4rken von MPT und seinem integrierten System:<\/strong><br \/>\n\u2022 Kontinuierliche Analyse des Kontextes, in dem unser Unternehmen t\u00e4tig ist, der organisatorischen und Managementaspekte und der Umweltauswirkungen seiner T\u00e4tigkeit<br \/>\n\u2022 Die Entwicklung von F\u00e4higkeiten und Sensibilit\u00e4t f\u00fcr Qualit\u00e4t und Umwelt durch unsere Mitarbeiter<br \/>\n\u2022 Die Aufmerksamkeit und Sorgfalt gegen\u00fcber allen Aspekten, die es uns erm\u00f6glichen, vom Kunden als Lieferanten anerkannt zu werden, die die Erwartungen \u00fcbertreffen.<\/p>\n<p>Unser Management hat daher einige <strong>Ziele<\/strong> festgelegt, die darauf abzielen, ein konstantes Leistungsniveau der durchgef\u00fchrten Aktivit\u00e4ten sicherzustellen und verpflichtet sich, diese langfristig aufrechtzuerhalten:<br \/>\n\u2022 <strong>Einhaltung ethischer Grunds\u00e4tze<\/strong>, Gesetze und einschl\u00e4giger Vorschriften sowie derjenigen im Bereich der Arbeitssicherheit<br \/>\n\u2022 strenge<strong> Kontrolle<\/strong> der wirtschaftlichen, verm\u00f6gensrechtlichen und finanziellen Aspekte des Unternehmens<br \/>\n\u2022 Bedingungen schaffen und erhalten, in denen die Mitarbeiter mit Zufriedenheit und Bewusstsein f\u00fcr ihre Aufgaben arbeiten und eine <strong>stabile und w\u00fcrdige Besch\u00e4ftigung<\/strong> haben k\u00f6nnen<br \/>\n\u2022 F\u00f6rderung der <strong>Ausbildung<\/strong> von Menschen in unserem Unternehmen, die F\u00e4higkeiten im mechanischen Bereich erwerben und die M\u00f6glichkeit haben m\u00f6chten, in die Arbeitswelt einzusteigen<br \/>\n\u2022 <strong>Einbeziehung<\/strong> aller interessierten Parteien in die MPT-Politik und den Grad der Verfolgung ihrer Qualit\u00e4ts- und Umweltziele<br \/>\n\u2022<strong> Schnelligkeit<\/strong> bei der Angebotserstellung und Auftragsabwicklung<br \/>\n\u2022 <strong>Recherche<\/strong> nach Materialien, Lieferanten und neuesten Technologien, um Produkte von hervorragender und nachhaltiger Qualit\u00e4t zu erhalten<br \/>\n\u2022 Interventionen zur <strong>Erneuerung und Verbesserung<\/strong> der Unternehmenssysteme, auch mit dem Ziel, den Verbrauch von Energieressourcen und die Umweltauswirkungen der T\u00e4tigkeit zu reduzieren<br \/>\n\u2022 <strong>\u00dcberwachung<\/strong> des Ressourcen- und Energieverbrauchs<br \/>\n\u2022 richtiges Management des <strong>Abfallkreislaufs<\/strong><br \/>\n\u2022 Einf\u00fchrung von Verfahren zur Verhinderung des Auftretens von <strong>Notfallbedingungen<\/strong> und<strong> daraus resultierender<\/strong> Umweltauswirkungen<\/p>\n<p>Altavilla Vicentina, 27. M\u00e4rz 2025<\/p>\n<p style=\"text-align: right;\">Die Generaldirektion<\/p>\n<p>[\/vc_column_text][\/vc_column][\/vc_row]<\/p>\n","protected":false},"excerpt":{"rendered":"<p>[vc_row][vc_column][vc_column_text] UNTERNEHMENSPOLITIK M.P.T. Ltd. ist ein italienisches Unternehmen, das seit fast 20 Jahren Pr\u00e4zisionsdrehteile f\u00fcr Anwendungen in verschiedenen T\u00e4tigkeitsbereichen auf den wichtigsten europ\u00e4ischen M\u00e4rkten herstellt. Um<span class=\"excerpt-hellip\"> [\u2026]<\/span><\/p>\n","protected":false},"author":2,"featured_media":0,"parent":0,"menu_order":0,"comment_status":"closed","ping_status":"closed","template":"","meta":[],"yoast_head":"<!-- This site is optimized with the Yoast SEO plugin v20.4 - https:\/\/yoast.com\/wordpress\/plugins\/seo\/ -->\n<title>UNTERNEHMENSPOLITIK\u00a0<\/title>\n<meta name=\"robots\" content=\"index, follow, max-snippet:-1, max-image-preview:large, max-video-preview:-1\" \/>\n<link rel=\"canonical\" href=\"https:\/\/www.mpthitech.com\/de\/unternehmenspolitik\/\" \/>\n<meta property=\"og:locale\" content=\"de_DE\" \/>\n<meta property=\"og:type\" content=\"article\" \/>\n<meta property=\"og:title\" content=\"UNTERNEHMENSPOLITIK\u00a0\" \/>\n<meta property=\"og:description\" content=\"[vc_row][vc_column][vc_column_text] UNTERNEHMENSPOLITIK M.P.T. Ltd. ist ein italienisches Unternehmen, das seit fast 20 Jahren Pr\u00e4zisionsdrehteile f\u00fcr Anwendungen in verschiedenen T\u00e4tigkeitsbereichen auf den wichtigsten europ\u00e4ischen M\u00e4rkten herstellt. Um [\u2026]\" \/>\n<meta property=\"og:url\" content=\"https:\/\/www.mpthitech.com\/de\/unternehmenspolitik\/\" \/>\n<meta property=\"og:site_name\" content=\"MPT S.r.l. - Precision Turning\" \/>\n<meta property=\"article:modified_time\" content=\"2025-03-28T15:18:09+00:00\" \/>\n<meta name=\"twitter:card\" content=\"summary_large_image\" \/>\n<meta name=\"twitter:label1\" content=\"Gesch\u00e4tzte Lesezeit\" \/>\n\t<meta name=\"twitter:data1\" content=\"2 Minuten\" \/>\n<script type=\"application\/ld+json\" class=\"yoast-schema-graph\">{\"@context\":\"https:\/\/schema.org\",\"@graph\":[{\"@type\":\"WebPage\",\"@id\":\"https:\/\/www.mpthitech.com\/de\/unternehmenspolitik\/\",\"url\":\"https:\/\/www.mpthitech.com\/de\/unternehmenspolitik\/\",\"name\":\"UNTERNEHMENSPOLITIK\u00a0\",\"isPartOf\":{\"@id\":\"https:\/\/www.mpthitech.com\/#website\"},\"datePublished\":\"2019-09-19T10:06:20+00:00\",\"dateModified\":\"2025-03-28T15:18:09+00:00\",\"breadcrumb\":{\"@id\":\"https:\/\/www.mpthitech.com\/de\/unternehmenspolitik\/#breadcrumb\"},\"inLanguage\":\"de-DE\",\"potentialAction\":[{\"@type\":\"ReadAction\",\"target\":[\"https:\/\/www.mpthitech.com\/de\/unternehmenspolitik\/\"]}]},{\"@type\":\"BreadcrumbList\",\"@id\":\"https:\/\/www.mpthitech.com\/de\/unternehmenspolitik\/#breadcrumb\",\"itemListElement\":[{\"@type\":\"ListItem\",\"position\":1,\"name\":\"Home\",\"item\":\"https:\/\/www.mpthitech.com\/de\/\"},{\"@type\":\"ListItem\",\"position\":2,\"name\":\"UNTERNEHMENSPOLITIK\u00a0\"}]},{\"@type\":\"WebSite\",\"@id\":\"https:\/\/www.mpthitech.com\/#website\",\"url\":\"https:\/\/www.mpthitech.com\/\",\"name\":\"MPT S.r.l. - Precision Turning\",\"description\":\"\",\"potentialAction\":[{\"@type\":\"SearchAction\",\"target\":{\"@type\":\"EntryPoint\",\"urlTemplate\":\"https:\/\/www.mpthitech.com\/?s={search_term_string}\"},\"query-input\":\"required name=search_term_string\"}],\"inLanguage\":\"de-DE\"}]}<\/script>\n<!-- \/ Yoast SEO plugin. -->","yoast_head_json":{"title":"UNTERNEHMENSPOLITIK\u00a0","robots":{"index":"index","follow":"follow","max-snippet":"max-snippet:-1","max-image-preview":"max-image-preview:large","max-video-preview":"max-video-preview:-1"},"canonical":"https:\/\/www.mpthitech.com\/de\/unternehmenspolitik\/","og_locale":"de_DE","og_type":"article","og_title":"UNTERNEHMENSPOLITIK\u00a0","og_description":"[vc_row][vc_column][vc_column_text] UNTERNEHMENSPOLITIK M.P.T. Ltd. ist ein italienisches Unternehmen, das seit fast 20 Jahren Pr\u00e4zisionsdrehteile f\u00fcr Anwendungen in verschiedenen T\u00e4tigkeitsbereichen auf den wichtigsten europ\u00e4ischen M\u00e4rkten herstellt. Um [\u2026]","og_url":"https:\/\/www.mpthitech.com\/de\/unternehmenspolitik\/","og_site_name":"MPT S.r.l. - Precision Turning","article_modified_time":"2025-03-28T15:18:09+00:00","twitter_card":"summary_large_image","twitter_misc":{"Gesch\u00e4tzte Lesezeit":"2 Minuten"},"schema":{"@context":"https:\/\/schema.org","@graph":[{"@type":"WebPage","@id":"https:\/\/www.mpthitech.com\/de\/unternehmenspolitik\/","url":"https:\/\/www.mpthitech.com\/de\/unternehmenspolitik\/","name":"UNTERNEHMENSPOLITIK\u00a0","isPartOf":{"@id":"https:\/\/www.mpthitech.com\/#website"},"datePublished":"2019-09-19T10:06:20+00:00","dateModified":"2025-03-28T15:18:09+00:00","breadcrumb":{"@id":"https:\/\/www.mpthitech.com\/de\/unternehmenspolitik\/#breadcrumb"},"inLanguage":"de-DE","potentialAction":[{"@type":"ReadAction","target":["https:\/\/www.mpthitech.com\/de\/unternehmenspolitik\/"]}]},{"@type":"BreadcrumbList","@id":"https:\/\/www.mpthitech.com\/de\/unternehmenspolitik\/#breadcrumb","itemListElement":[{"@type":"ListItem","position":1,"name":"Home","item":"https:\/\/www.mpthitech.com\/de\/"},{"@type":"ListItem","position":2,"name":"UNTERNEHMENSPOLITIK\u00a0"}]},{"@type":"WebSite","@id":"https:\/\/www.mpthitech.com\/#website","url":"https:\/\/www.mpthitech.com\/","name":"MPT S.r.l. - Precision Turning","description":"","potentialAction":[{"@type":"SearchAction","target":{"@type":"EntryPoint","urlTemplate":"https:\/\/www.mpthitech.com\/?s={search_term_string}"},"query-input":"required name=search_term_string"}],"inLanguage":"de-DE"}]}},"_links":{"self":[{"href":"https:\/\/www.mpthitech.com\/de\/wp-json\/wp\/v2\/pages\/1500"}],"collection":[{"href":"https:\/\/www.mpthitech.com\/de\/wp-json\/wp\/v2\/pages"}],"about":[{"href":"https:\/\/www.mpthitech.com\/de\/wp-json\/wp\/v2\/types\/page"}],"author":[{"embeddable":true,"href":"https:\/\/www.mpthitech.com\/de\/wp-json\/wp\/v2\/users\/2"}],"replies":[{"embeddable":true,"href":"https:\/\/www.mpthitech.com\/de\/wp-json\/wp\/v2\/comments?post=1500"}],"version-history":[{"count":3,"href":"https:\/\/www.mpthitech.com\/de\/wp-json\/wp\/v2\/pages\/1500\/revisions"}],"predecessor-version":[{"id":1680,"href":"https:\/\/www.mpthitech.com\/de\/wp-json\/wp\/v2\/pages\/1500\/revisions\/1680"}],"wp:attachment":[{"href":"https:\/\/www.mpthitech.com\/de\/wp-json\/wp\/v2\/media?parent=1500"}],"curies":[{"name":"wp","href":"https:\/\/api.w.org\/{rel}","templated":true}]}}