{"id":1496,"date":"2019-09-19T11:56:28","date_gmt":"2019-09-19T09:56:28","guid":{"rendered":"http:\/\/www.mpthitech.com\/?page_id=1496"},"modified":"2025-06-03T09:47:13","modified_gmt":"2025-06-03T07:47:13","slug":"verhaltenskodex","status":"publish","type":"page","link":"https:\/\/www.mpthitech.com\/de\/verhaltenskodex\/","title":{"rendered":"VERHALTENSKODEX"},"content":{"rendered":"<p>[vc_row][vc_column][vc_column_text]<\/p>\n<h1>Verhaltenskodex<\/h1>\n<p>Der Ethikkodex legt die Grunds\u00e4tze, Rechte, Pflichten und Verantwortlichkeiten der M.P.T. Srl gegen\u00fcber allen Personen fest, mit denen sie im Rahmen ihrer Gesch\u00e4ftst\u00e4tigkeit in Kontakt tritt. Er soll Referenzstandards und Verhaltensnormen als Orientierung f\u00fcr deren Verhalten festlegen.<\/p>\n<p>Alle Mitarbeiter der M.P.T. Srl sind verpflichtet, die in diesem Ethikkodex enthaltenen Grunds\u00e4tze zu \u00fcbernehmen, zu respektieren und durchzusetzen. Die Verhaltensregeln, die wir alle einhalten m\u00fcssen, entsprechen den geltenden Vorschriften, Arbeitsvertr\u00e4gen, internen Verfahren und dem gemeinsamen gesunden Menschenverstand.<\/p>\n<p><strong>Ehrlichkeit und Fairness<\/strong><\/p>\n<p>Die Beziehungen innerhalb unseres Unternehmens und zu externen Personen wie Lieferanten, Kunden und Institutionen basieren auf den Kriterien Fairness, Zusammenarbeit, Loyalit\u00e4t und gegenseitigem Respekt.<\/p>\n<p>Alle Mitarbeiter unseres Unternehmens sind verpflichtet, ihre T\u00e4tigkeit im Interesse des Unternehmens im Geiste des Teilens und der Teamarbeit auszu\u00fcben.<\/p>\n<p><strong>Rechtm\u00e4\u00dfigkeit<\/strong><\/p>\n<p>Unser Unternehmen handelt bei seinen Aktivit\u00e4ten im Einklang mit den Gesetzen und allen geltenden Vorschriften in den Gebieten, in denen es t\u00e4tig ist, und wendet diese ehrlich und fair an.<br \/>\nAuch unser individuelles Verhalten muss, um den Werten von M.P.T. Srl zu entsprechen, die Gesetze sowohl intern als auch extern respektieren.<\/p>\n<p><strong>Vertraulichkeit<\/strong><\/p>\n<p>Unser Unternehmen gew\u00e4hrleistet die Vertraulichkeit von Informationen, sowohl von Mitarbeitern als auch von Kunden und Lieferanten. Sensible Daten, die verarbeitet werden, und Informationen, die im Zusammenhang mit der ausgef\u00fchrten Arbeit erhoben werden, sind gesch\u00fctzt. Die erhaltenen Informationen werden so verarbeitet, dass sie ausschlie\u00dflich f\u00fcr die Zwecke verwendet werden, f\u00fcr die sie bereitgestellt wurden, und zwar in \u00dcbereinstimmung mit der geltenden Gesetzgebung.<\/p>\n<p><strong>Integrit\u00e4t der Person<\/strong><\/p>\n<p>Wir betrachten unsere Mitarbeiter als unser wertvollstes Gut und verpflichten uns, den Respekt vor der physischen, moralischen und kulturellen Integrit\u00e4t des Menschen zu f\u00f6rdern sowie Arbeitsbedingungen zu gew\u00e4hrleisten, die die W\u00fcrde des Einzelnen wahren, und ein geeignetes Arbeitsumfeld zu gew\u00e4hrleisten. Wir sch\u00fctzen und f\u00f6rdern die Werte unserer Mitarbeiter, um das Wissen und die F\u00e4higkeiten jedes einzelnen Mitarbeiters zu erweitern und zu st\u00e4rken.<\/p>\n<p><strong>\u00d6kologische Nachhaltigkeit<\/strong><\/p>\n<p>Unser Engagement f\u00fcr den Umweltschutz spiegelt sich in der Ber\u00fccksichtigung der \u00f6kologischen Nachhaltigkeit aller Unternehmensaktivit\u00e4ten gem\u00e4\u00df den Anforderungen der<a href=\"https:\/\/www.mpthitech.com\/wp-content\/uploads\/2024\/10\/Certificato-ISO-14001-3.pdf\" target=\"_blank\" rel=\"noopener\"><strong> ISO 14001:2015<\/strong><\/a> wider. Wir legen gr\u00f6\u00dften Wert auf Umweltbelange und die Einhaltung nationaler und internationaler Vorschriften bei allen Unternehmensaktivit\u00e4ten und -praktiken.<\/p>\n<p><strong>Qualit\u00e4ts- und Managementkontrolle<\/strong><\/p>\n<p>Das Managementsystem und die Unternehmensorganisation entsprechen den Anforderungen der <a href=\"https:\/\/www.mpthitech.com\/wp-content\/uploads\/2024\/07\/Certificato-ISO-9001.pdf\" target=\"_blank\" rel=\"noopener\"><strong>ISO 9001:2015<\/strong><\/a> und der Managementplanungs- und -kontrollnorm <a href=\"https:\/\/www.mpthitech.com\/wp-content\/uploads\/2019\/09\/D-10012008.pdf\" target=\"_blank\" rel=\"noopener\"><strong>D1001:2008<\/strong><\/a>. Unser Unternehmen ist bestrebt, die Marktbed\u00fcrfnisse zu ber\u00fccksichtigen und eine stetig steigende Qualit\u00e4t der angebotenen Produkte und Dienstleistungen sowie ein hohes Ma\u00df an Verarbeitung, Pr\u00e4zision und Zuverl\u00e4ssigkeit der Kontrollen durch den Einsatz technologisch fortschrittlicher Messinstrumente zu gew\u00e4hrleisten.[\/vc_column_text][\/vc_column][\/vc_row]<\/p>\n","protected":false},"excerpt":{"rendered":"<p>[vc_row][vc_column][vc_column_text] Verhaltenskodex Der Ethikkodex legt die Grunds\u00e4tze, Rechte, Pflichten und Verantwortlichkeiten der M.P.T. Srl gegen\u00fcber allen Personen fest, mit denen sie im Rahmen ihrer Gesch\u00e4ftst\u00e4tigkeit in<span class=\"excerpt-hellip\"> [\u2026]<\/span><\/p>\n","protected":false},"author":2,"featured_media":0,"parent":0,"menu_order":0,"comment_status":"closed","ping_status":"closed","template":"","meta":[],"yoast_head":"<!-- This site is optimized with the Yoast SEO plugin v20.4 - https:\/\/yoast.com\/wordpress\/plugins\/seo\/ -->\n<title>VERHALTENSKODEX<\/title>\n<meta name=\"robots\" content=\"index, follow, max-snippet:-1, max-image-preview:large, max-video-preview:-1\" \/>\n<link rel=\"canonical\" href=\"https:\/\/www.mpthitech.com\/de\/verhaltenskodex\/\" \/>\n<meta property=\"og:locale\" content=\"de_DE\" \/>\n<meta property=\"og:type\" content=\"article\" \/>\n<meta property=\"og:title\" content=\"VERHALTENSKODEX\" \/>\n<meta property=\"og:description\" content=\"[vc_row][vc_column][vc_column_text] Verhaltenskodex Der Ethikkodex legt die Grunds\u00e4tze, Rechte, Pflichten und Verantwortlichkeiten der M.P.T. Srl gegen\u00fcber allen Personen fest, mit denen sie im Rahmen ihrer Gesch\u00e4ftst\u00e4tigkeit in [\u2026]\" \/>\n<meta property=\"og:url\" content=\"https:\/\/www.mpthitech.com\/de\/verhaltenskodex\/\" \/>\n<meta property=\"og:site_name\" content=\"MPT S.r.l. - Precision Turning\" \/>\n<meta property=\"article:modified_time\" content=\"2025-06-03T07:47:13+00:00\" \/>\n<meta name=\"twitter:card\" content=\"summary_large_image\" \/>\n<meta name=\"twitter:label1\" content=\"Gesch\u00e4tzte Lesezeit\" \/>\n\t<meta name=\"twitter:data1\" content=\"3 Minuten\" \/>\n<script type=\"application\/ld+json\" class=\"yoast-schema-graph\">{\"@context\":\"https:\/\/schema.org\",\"@graph\":[{\"@type\":\"WebPage\",\"@id\":\"https:\/\/www.mpthitech.com\/de\/verhaltenskodex\/\",\"url\":\"https:\/\/www.mpthitech.com\/de\/verhaltenskodex\/\",\"name\":\"VERHALTENSKODEX\",\"isPartOf\":{\"@id\":\"https:\/\/www.mpthitech.com\/#website\"},\"datePublished\":\"2019-09-19T09:56:28+00:00\",\"dateModified\":\"2025-06-03T07:47:13+00:00\",\"breadcrumb\":{\"@id\":\"https:\/\/www.mpthitech.com\/de\/verhaltenskodex\/#breadcrumb\"},\"inLanguage\":\"de-DE\",\"potentialAction\":[{\"@type\":\"ReadAction\",\"target\":[\"https:\/\/www.mpthitech.com\/de\/verhaltenskodex\/\"]}]},{\"@type\":\"BreadcrumbList\",\"@id\":\"https:\/\/www.mpthitech.com\/de\/verhaltenskodex\/#breadcrumb\",\"itemListElement\":[{\"@type\":\"ListItem\",\"position\":1,\"name\":\"Home\",\"item\":\"https:\/\/www.mpthitech.com\/de\/\"},{\"@type\":\"ListItem\",\"position\":2,\"name\":\"VERHALTENSKODEX\"}]},{\"@type\":\"WebSite\",\"@id\":\"https:\/\/www.mpthitech.com\/#website\",\"url\":\"https:\/\/www.mpthitech.com\/\",\"name\":\"MPT S.r.l. - Precision Turning\",\"description\":\"\",\"potentialAction\":[{\"@type\":\"SearchAction\",\"target\":{\"@type\":\"EntryPoint\",\"urlTemplate\":\"https:\/\/www.mpthitech.com\/?s={search_term_string}\"},\"query-input\":\"required name=search_term_string\"}],\"inLanguage\":\"de-DE\"}]}<\/script>\n<!-- \/ Yoast SEO plugin. -->","yoast_head_json":{"title":"VERHALTENSKODEX","robots":{"index":"index","follow":"follow","max-snippet":"max-snippet:-1","max-image-preview":"max-image-preview:large","max-video-preview":"max-video-preview:-1"},"canonical":"https:\/\/www.mpthitech.com\/de\/verhaltenskodex\/","og_locale":"de_DE","og_type":"article","og_title":"VERHALTENSKODEX","og_description":"[vc_row][vc_column][vc_column_text] Verhaltenskodex Der Ethikkodex legt die Grunds\u00e4tze, Rechte, Pflichten und Verantwortlichkeiten der M.P.T. Srl gegen\u00fcber allen Personen fest, mit denen sie im Rahmen ihrer Gesch\u00e4ftst\u00e4tigkeit in [\u2026]","og_url":"https:\/\/www.mpthitech.com\/de\/verhaltenskodex\/","og_site_name":"MPT S.r.l. - Precision Turning","article_modified_time":"2025-06-03T07:47:13+00:00","twitter_card":"summary_large_image","twitter_misc":{"Gesch\u00e4tzte Lesezeit":"3 Minuten"},"schema":{"@context":"https:\/\/schema.org","@graph":[{"@type":"WebPage","@id":"https:\/\/www.mpthitech.com\/de\/verhaltenskodex\/","url":"https:\/\/www.mpthitech.com\/de\/verhaltenskodex\/","name":"VERHALTENSKODEX","isPartOf":{"@id":"https:\/\/www.mpthitech.com\/#website"},"datePublished":"2019-09-19T09:56:28+00:00","dateModified":"2025-06-03T07:47:13+00:00","breadcrumb":{"@id":"https:\/\/www.mpthitech.com\/de\/verhaltenskodex\/#breadcrumb"},"inLanguage":"de-DE","potentialAction":[{"@type":"ReadAction","target":["https:\/\/www.mpthitech.com\/de\/verhaltenskodex\/"]}]},{"@type":"BreadcrumbList","@id":"https:\/\/www.mpthitech.com\/de\/verhaltenskodex\/#breadcrumb","itemListElement":[{"@type":"ListItem","position":1,"name":"Home","item":"https:\/\/www.mpthitech.com\/de\/"},{"@type":"ListItem","position":2,"name":"VERHALTENSKODEX"}]},{"@type":"WebSite","@id":"https:\/\/www.mpthitech.com\/#website","url":"https:\/\/www.mpthitech.com\/","name":"MPT S.r.l. - Precision Turning","description":"","potentialAction":[{"@type":"SearchAction","target":{"@type":"EntryPoint","urlTemplate":"https:\/\/www.mpthitech.com\/?s={search_term_string}"},"query-input":"required name=search_term_string"}],"inLanguage":"de-DE"}]}},"_links":{"self":[{"href":"https:\/\/www.mpthitech.com\/de\/wp-json\/wp\/v2\/pages\/1496"}],"collection":[{"href":"https:\/\/www.mpthitech.com\/de\/wp-json\/wp\/v2\/pages"}],"about":[{"href":"https:\/\/www.mpthitech.com\/de\/wp-json\/wp\/v2\/types\/page"}],"author":[{"embeddable":true,"href":"https:\/\/www.mpthitech.com\/de\/wp-json\/wp\/v2\/users\/2"}],"replies":[{"embeddable":true,"href":"https:\/\/www.mpthitech.com\/de\/wp-json\/wp\/v2\/comments?post=1496"}],"version-history":[{"count":3,"href":"https:\/\/www.mpthitech.com\/de\/wp-json\/wp\/v2\/pages\/1496\/revisions"}],"predecessor-version":[{"id":1688,"href":"https:\/\/www.mpthitech.com\/de\/wp-json\/wp\/v2\/pages\/1496\/revisions\/1688"}],"wp:attachment":[{"href":"https:\/\/www.mpthitech.com\/de\/wp-json\/wp\/v2\/media?parent=1496"}],"curies":[{"name":"wp","href":"https:\/\/api.w.org\/{rel}","templated":true}]}}