{"id":1020,"date":"2018-02-20T10:04:58","date_gmt":"2018-02-20T09:04:58","guid":{"rendered":"https:\/\/www.mpthitech.com\/?page_id=1020"},"modified":"2018-08-27T11:38:27","modified_gmt":"2018-08-27T09:38:27","slug":"die-werkstatt","status":"publish","type":"page","link":"https:\/\/www.mpthitech.com\/de\/die-werkstatt\/","title":{"rendered":"DIE WERKSTATT"},"content":{"rendered":"<p>[vc_row rt_row_background_width=&#8220;default&#8220; rt_row_style=&#8220;default-style&#8220; rt_row_borders=&#8220;bottom&#8220; rt_row_paddings=&#8220;true&#8220; id=&#8220;laboratorio&#8220; rt_bg_effect=&#8220;classic&#8220; rt_bg_image_repeat=&#8220;repeat&#8220; rt_bg_size=&#8220;cover&#8220; rt_bg_position=&#8220;right top&#8220; rt_bg_attachment=&#8220;scroll&#8220; rt_bg_video_format=&#8220;self-hosted&#8220;][vc_column rt_wrp_col_paddings=&#8220;false&#8220; rt_border_top=&#8220;&#8220; rt_border_bottom=&#8220;&#8220; rt_border_left=&#8220;&#8220; rt_border_right=&#8220;&#8220; rt_border_top_mobile=&#8220;&#8220; rt_border_bottom_mobile=&#8220;&#8220; rt_border_left_mobile=&#8220;&#8220; rt_border_right_mobile=&#8220;&#8220; rt_bg_image_repeat=&#8220;repeat&#8220; rt_bg_size=&#8220;auto auto&#8220; rt_bg_position=&#8220;right top&#8220; rt_bg_attachment=&#8220;scroll&#8220;][vc_column_text]Zur Herstellung und CNC-Bearbeitung unserer Drehteile aus Messing verwenden wir folgende Instrumente und Verfahren:<\/p>\n<ul>\n<li>Klassische, regelm\u00e4\u00dfig \u00fcberpr\u00fcfte und geeichte Kontrollinstrumente<\/li>\n<li>Neueste digitale Messinstrumente, die automatisch die Leistung \u00fcberwachen<\/li>\n<\/ul>\n<p>Informations \u2013 und Datenerfassung in einem eigenen Pr\u00fcfmanagementsystem erm\u00f6glichen es uns, ein gleichbleibend hohes Qualit\u00e4tsniveau einzuhalten, Daten effizient zu verarbeiten und statistisch auszuwerten.<\/p>\n<p><strong>Instrumente zur Qualit\u00e4tskontrolle:<\/strong>[\/vc_column_text][\/vc_column][\/vc_row][vc_row el_id=&#8220;foto_laboratorio&#8220;][vc_column width=&#8220;1\/3&#8243;][vc_single_image image=&#8220;131&#8243; img_size=&#8220;large&#8220; onclick=&#8220;link_image&#8220;][vc_column_text el_class=&#8220;didascalia_laboratorio&#8220;]Profilprojektor 10X \u2013 50X \u2013 100X \u2013 Microtecnica<\/p>\n<p>[\/vc_column_text][vc_single_image image=&#8220;129&#8243; img_size=&#8220;large&#8220; onclick=&#8220;link_image&#8220;][vc_column_text el_class=&#8220;didascalia_laboratorio&#8220;]Nr. 2 Binokulares Mikroskop mit PC-Anschluss und digitaler Makrokamera mit speziellem Mess- und Berechnungsprogramm[\/vc_column_text][vc_single_image image=&#8220;346&#8243; img_size=&#8220;large&#8220; onclick=&#8220;link_image&#8220;][vc_column_text el_class=&#8220;didascalia_laboratorio&#8220;]Gasmessger\u00e4te, metrisch, NPT, UNF, UNS und DIN 2999 konisch ISO7<\/p>\n<p>[\/vc_column_text][\/vc_column][vc_column width=&#8220;1\/3&#8243;][vc_single_image image=&#8220;532&#8243; img_size=&#8220;large&#8220; onclick=&#8220;link_image&#8220;][vc_column_text el_class=&#8220;didascalia_laboratorio&#8220;]Maschine zur Kontrolle der Einspritzpumpenleistung \u2013 Ateq[\/vc_column_text][vc_single_image image=&#8220;135&#8243; img_size=&#8220;large&#8220; onclick=&#8220;link_image&#8220;][vc_column_text el_class=&#8220;didascalia_laboratorio&#8220;]Maschine zur automatischen optischen Messung \u2013 Keyence<\/p>\n<p>[\/vc_column_text][vc_single_image image=&#8220;562&#8243; img_size=&#8220;large&#8220; onclick=&#8220;link_image&#8220;][vc_column_text el_class=&#8220;didascalia_laboratorio&#8220;]Kontrollstopfen, Gas, metrisch<\/p>\n<p>[\/vc_column_text][\/vc_column][vc_column width=&#8220;1\/3&#8243;][vc_single_image image=&#8220;528&#8243; img_size=&#8220;large&#8220; onclick=&#8220;link_image&#8220;][vc_column_text el_class=&#8220;didascalia_laboratorio&#8220;]Maschine f\u00fcr die Kontrolle der Einspritzpumpenleistung \u2013 Ateq<\/p>\n<p>[\/vc_column_text][vc_single_image image=&#8220;536&#8243; img_size=&#8220;large&#8220; onclick=&#8220;link_image&#8220;][vc_column_text el_class=&#8220;didascalia_laboratorio&#8220;]H\u00e4rtepr\u00fcfer zur Kontrolle nach thermischen Verfahren \u2013 Ernst[\/vc_column_text][vc_single_image image=&#8220;348&#8243; img_size=&#8220;large&#8220; onclick=&#8220;link_image&#8220;][vc_column_text el_class=&#8220;didascalia_laboratorio&#8220;]Rauheitsmesser[\/vc_column_text][\/vc_column][\/vc_row][vc_row][vc_column][vc_column_text]<\/p>\n<h2><strong>Andere Werkzeuge:<\/strong><\/h2>\n<ul>\n<li>Bohrungsmessger\u00e4t \u2013 Mitutoyo, am PC angeschlossen zur Bohrung zwischen 0,5 und 20 mm<\/li>\n<li>Komparator \u2013 Mitutoyo<\/li>\n<li>Mikromesser \u2013 Mitutoyo<\/li>\n<li>Digitale Messschieber \u2013 Mitutoyo und Sylvac<\/li>\n<li>Gasmessger\u00e4te, metrisch, NPT, UNF, UNS, Kegel- ISO7 und DIN2999<\/li>\n<li>Kontrollstopfen, Gas, metrisch<\/li>\n<li>Kalibrierte Kontrollstifte<\/li>\n<li>Rauheitsmesser mit digitalem Anschluss \u2013 Bocchi<\/li>\n<\/ul>\n<p>Auf Kundenanfrage k\u00f6nnen Zertifikate mit Materialanalyse ausgestellt werden.<br \/>\n<a href=\"https:\/\/www.mpthitech.com\/de\/technologie\/)\">Herstellung von Messing-Pr\u00e4zisionsdrehteile durch innovative Technologie<\/a>.[\/vc_column_text][\/vc_column][\/vc_row]<\/p>\n","protected":false},"excerpt":{"rendered":"<p>[vc_row rt_row_background_width=&#8220;default&#8220; rt_row_style=&#8220;default-style&#8220; rt_row_borders=&#8220;bottom&#8220; rt_row_paddings=&#8220;true&#8220; id=&#8220;laboratorio&#8220; rt_bg_effect=&#8220;classic&#8220; rt_bg_image_repeat=&#8220;repeat&#8220; rt_bg_size=&#8220;cover&#8220; rt_bg_position=&#8220;right top&#8220; rt_bg_attachment=&#8220;scroll&#8220; rt_bg_video_format=&#8220;self-hosted&#8220;][vc_column rt_wrp_col_paddings=&#8220;false&#8220; rt_border_top=&#8220;&#8220; rt_border_bottom=&#8220;&#8220; rt_border_left=&#8220;&#8220; rt_border_right=&#8220;&#8220; rt_border_top_mobile=&#8220;&#8220; rt_border_bottom_mobile=&#8220;&#8220; rt_border_left_mobile=&#8220;&#8220; rt_border_right_mobile=&#8220;&#8220; rt_bg_image_repeat=&#8220;repeat&#8220; rt_bg_size=&#8220;auto auto&#8220; rt_bg_position=&#8220;right<span class=\"excerpt-hellip\"> [\u2026]<\/span><\/p>\n","protected":false},"author":2,"featured_media":0,"parent":0,"menu_order":0,"comment_status":"open","ping_status":"closed","template":"","meta":[],"yoast_head":"<!-- This site is optimized with the Yoast SEO plugin v20.4 - https:\/\/yoast.com\/wordpress\/plugins\/seo\/ -->\n<title>MPT-Werkstatt zur Herstellung von Messingdrehteilen<\/title>\n<meta name=\"description\" content=\"Unsere moderne und digitale Werkstatt f\u00fcr die Herstellung von hochqualitativen Messing-CNC-Drehteilen Bohrungsmessger\u00e4t, Komparator, Micro-, Gas- und Rauheitsmesser, Messschieber, kalibrierte Kontrollstifte.\" \/>\n<meta name=\"robots\" content=\"index, follow, max-snippet:-1, max-image-preview:large, max-video-preview:-1\" \/>\n<link rel=\"canonical\" href=\"https:\/\/www.mpthitech.com\/de\/die-werkstatt\/\" \/>\n<meta property=\"og:locale\" content=\"de_DE\" \/>\n<meta property=\"og:type\" content=\"article\" \/>\n<meta property=\"og:title\" content=\"MPT-Werkstatt zur Herstellung von Messingdrehteilen\" \/>\n<meta property=\"og:description\" content=\"Unsere moderne und digitale Werkstatt f\u00fcr die Herstellung von hochqualitativen Messing-CNC-Drehteilen Bohrungsmessger\u00e4t, Komparator, Micro-, Gas- und Rauheitsmesser, Messschieber, kalibrierte Kontrollstifte.\" \/>\n<meta property=\"og:url\" content=\"https:\/\/www.mpthitech.com\/de\/die-werkstatt\/\" \/>\n<meta property=\"og:site_name\" content=\"MPT S.r.l. - Precision Turning\" \/>\n<meta property=\"article:modified_time\" content=\"2018-08-27T09:38:27+00:00\" \/>\n<meta name=\"twitter:card\" content=\"summary_large_image\" \/>\n<meta name=\"twitter:label1\" content=\"Gesch\u00e4tzte Lesezeit\" \/>\n\t<meta name=\"twitter:data1\" content=\"3 Minuten\" \/>\n<script type=\"application\/ld+json\" class=\"yoast-schema-graph\">{\"@context\":\"https:\/\/schema.org\",\"@graph\":[{\"@type\":\"WebPage\",\"@id\":\"https:\/\/www.mpthitech.com\/de\/die-werkstatt\/\",\"url\":\"https:\/\/www.mpthitech.com\/de\/die-werkstatt\/\",\"name\":\"MPT-Werkstatt zur Herstellung von Messingdrehteilen\",\"isPartOf\":{\"@id\":\"https:\/\/www.mpthitech.com\/#website\"},\"datePublished\":\"2018-02-20T09:04:58+00:00\",\"dateModified\":\"2018-08-27T09:38:27+00:00\",\"description\":\"Unsere moderne und digitale Werkstatt f\u00fcr die Herstellung von hochqualitativen Messing-CNC-Drehteilen Bohrungsmessger\u00e4t, Komparator, Micro-, Gas- und Rauheitsmesser, Messschieber, kalibrierte Kontrollstifte.\",\"breadcrumb\":{\"@id\":\"https:\/\/www.mpthitech.com\/de\/die-werkstatt\/#breadcrumb\"},\"inLanguage\":\"de-DE\",\"potentialAction\":[{\"@type\":\"ReadAction\",\"target\":[\"https:\/\/www.mpthitech.com\/de\/die-werkstatt\/\"]}]},{\"@type\":\"BreadcrumbList\",\"@id\":\"https:\/\/www.mpthitech.com\/de\/die-werkstatt\/#breadcrumb\",\"itemListElement\":[{\"@type\":\"ListItem\",\"position\":1,\"name\":\"Home\",\"item\":\"https:\/\/www.mpthitech.com\/de\/\"},{\"@type\":\"ListItem\",\"position\":2,\"name\":\"DIE WERKSTATT\"}]},{\"@type\":\"WebSite\",\"@id\":\"https:\/\/www.mpthitech.com\/#website\",\"url\":\"https:\/\/www.mpthitech.com\/\",\"name\":\"MPT S.r.l. - Precision Turning\",\"description\":\"\",\"potentialAction\":[{\"@type\":\"SearchAction\",\"target\":{\"@type\":\"EntryPoint\",\"urlTemplate\":\"https:\/\/www.mpthitech.com\/?s={search_term_string}\"},\"query-input\":\"required name=search_term_string\"}],\"inLanguage\":\"de-DE\"}]}<\/script>\n<!-- \/ Yoast SEO plugin. -->","yoast_head_json":{"title":"MPT-Werkstatt zur Herstellung von Messingdrehteilen","description":"Unsere moderne und digitale Werkstatt f\u00fcr die Herstellung von hochqualitativen Messing-CNC-Drehteilen Bohrungsmessger\u00e4t, Komparator, Micro-, Gas- und Rauheitsmesser, Messschieber, kalibrierte Kontrollstifte.","robots":{"index":"index","follow":"follow","max-snippet":"max-snippet:-1","max-image-preview":"max-image-preview:large","max-video-preview":"max-video-preview:-1"},"canonical":"https:\/\/www.mpthitech.com\/de\/die-werkstatt\/","og_locale":"de_DE","og_type":"article","og_title":"MPT-Werkstatt zur Herstellung von Messingdrehteilen","og_description":"Unsere moderne und digitale Werkstatt f\u00fcr die Herstellung von hochqualitativen Messing-CNC-Drehteilen Bohrungsmessger\u00e4t, Komparator, Micro-, Gas- und Rauheitsmesser, Messschieber, kalibrierte Kontrollstifte.","og_url":"https:\/\/www.mpthitech.com\/de\/die-werkstatt\/","og_site_name":"MPT S.r.l. - Precision Turning","article_modified_time":"2018-08-27T09:38:27+00:00","twitter_card":"summary_large_image","twitter_misc":{"Gesch\u00e4tzte Lesezeit":"3 Minuten"},"schema":{"@context":"https:\/\/schema.org","@graph":[{"@type":"WebPage","@id":"https:\/\/www.mpthitech.com\/de\/die-werkstatt\/","url":"https:\/\/www.mpthitech.com\/de\/die-werkstatt\/","name":"MPT-Werkstatt zur Herstellung von Messingdrehteilen","isPartOf":{"@id":"https:\/\/www.mpthitech.com\/#website"},"datePublished":"2018-02-20T09:04:58+00:00","dateModified":"2018-08-27T09:38:27+00:00","description":"Unsere moderne und digitale Werkstatt f\u00fcr die Herstellung von hochqualitativen Messing-CNC-Drehteilen Bohrungsmessger\u00e4t, Komparator, Micro-, Gas- und Rauheitsmesser, Messschieber, kalibrierte Kontrollstifte.","breadcrumb":{"@id":"https:\/\/www.mpthitech.com\/de\/die-werkstatt\/#breadcrumb"},"inLanguage":"de-DE","potentialAction":[{"@type":"ReadAction","target":["https:\/\/www.mpthitech.com\/de\/die-werkstatt\/"]}]},{"@type":"BreadcrumbList","@id":"https:\/\/www.mpthitech.com\/de\/die-werkstatt\/#breadcrumb","itemListElement":[{"@type":"ListItem","position":1,"name":"Home","item":"https:\/\/www.mpthitech.com\/de\/"},{"@type":"ListItem","position":2,"name":"DIE WERKSTATT"}]},{"@type":"WebSite","@id":"https:\/\/www.mpthitech.com\/#website","url":"https:\/\/www.mpthitech.com\/","name":"MPT S.r.l. - Precision Turning","description":"","potentialAction":[{"@type":"SearchAction","target":{"@type":"EntryPoint","urlTemplate":"https:\/\/www.mpthitech.com\/?s={search_term_string}"},"query-input":"required name=search_term_string"}],"inLanguage":"de-DE"}]}},"_links":{"self":[{"href":"https:\/\/www.mpthitech.com\/de\/wp-json\/wp\/v2\/pages\/1020"}],"collection":[{"href":"https:\/\/www.mpthitech.com\/de\/wp-json\/wp\/v2\/pages"}],"about":[{"href":"https:\/\/www.mpthitech.com\/de\/wp-json\/wp\/v2\/types\/page"}],"author":[{"embeddable":true,"href":"https:\/\/www.mpthitech.com\/de\/wp-json\/wp\/v2\/users\/2"}],"replies":[{"embeddable":true,"href":"https:\/\/www.mpthitech.com\/de\/wp-json\/wp\/v2\/comments?post=1020"}],"version-history":[{"count":3,"href":"https:\/\/www.mpthitech.com\/de\/wp-json\/wp\/v2\/pages\/1020\/revisions"}],"predecessor-version":[{"id":1379,"href":"https:\/\/www.mpthitech.com\/de\/wp-json\/wp\/v2\/pages\/1020\/revisions\/1379"}],"wp:attachment":[{"href":"https:\/\/www.mpthitech.com\/de\/wp-json\/wp\/v2\/media?parent=1020"}],"curies":[{"name":"wp","href":"https:\/\/api.w.org\/{rel}","templated":true}]}}